{"id":738,"date":"2024-12-02T16:33:44","date_gmt":"2024-12-02T15:33:44","guid":{"rendered":"https:\/\/elsafareigdelbarri.new\/contact-us\/"},"modified":"2025-02-14T15:18:16","modified_gmt":"2025-02-14T14:18:16","slug":"contact-us","status":"publish","type":"page","link":"https:\/\/elsafareigdelbarri.com\/en\/contact-us\/","title":{"rendered":"Contact us"},"content":{"rendered":"<p>[et_pb_section fb_built=&#8221;1&#8243; fullwidth=&#8221;on&#8221; _builder_version=&#8221;4.27.4&#8243; _module_preset=&#8221;default&#8221; max_height=&#8221;520px&#8221; max_height_tablet=&#8221;520px&#8221; max_height_phone=&#8221;520px&#8221; max_height_last_edited=&#8221;on|tablet&#8221; global_colors_info=&#8221;{}&#8221;][et_pb_fullwidth_image src=&#8221;http:\/\/elsafareigdelbarri.com\/wp-content\/uploads\/2025\/02\/header-contactanos-400.png&#8221; title_text=&#8221;header-contactanos-400&#8243; _builder_version=&#8221;4.27.4&#8243; _module_preset=&#8221;default&#8221; max_height=&#8221;520px&#8221; max_height_tablet=&#8221;520px&#8221; max_height_phone=&#8221;520px&#8221; max_height_last_edited=&#8221;on|desktop&#8221; global_colors_info=&#8221;{}&#8221;][\/et_pb_fullwidth_image][\/et_pb_section][et_pb_section fb_built=&#8221;1&#8243; custom_padding_last_edited=&#8221;on|tablet&#8221; _builder_version=&#8221;4.27.4&#8243; _module_preset=&#8221;default&#8221; custom_padding_tablet=&#8221;0px||0px||true|false&#8221; custom_padding_phone=&#8221;0px||0px||true|false&#8221; global_colors_info=&#8221;{}&#8221;][et_pb_row _builder_version=&#8221;4.27.4&#8243; _module_preset=&#8221;default&#8221; global_colors_info=&#8221;{}&#8221;][et_pb_column type=&#8221;4_4&#8243; _builder_version=&#8221;4.27.4&#8243; _module_preset=&#8221;default&#8221; global_colors_info=&#8221;{}&#8221;][et_pb_text content_tablet=&#8221;<\/p>\n<p>Your Eixample laundry<\/p>\n<p>&#8221; content_phone=&#8221;<\/p>\n<p>Your Eixample laundry<\/p>\n<p>&#8221; content_last_edited=&#8221;on|desktop&#8221; _builder_version=&#8221;4.27.4&#8243; _module_preset=&#8221;d00dfaed-f260-4290-8dca-72dddbfb0cfe&#8221; text_text_color=&#8221;gcid-03c8d5c7-bd9d-46ba-ac11-a23b00cfe1d4&#8243; hover_enabled=&#8221;0&#8243; text_font_tablet=&#8221;&#8221; text_font_phone=&#8221;&#8221; text_font_last_edited=&#8221;on|phone&#8221; text_text_color_tablet=&#8221;#000000&#8243; text_text_color_phone=&#8221;gcid-03c8d5c7-bd9d-46ba-ac11-a23b00cfe1d4&#8243; text_text_color_last_edited=&#8221;on|phone&#8221; text_font_size_phone=&#8221;35px&#8221; text_letter_spacing_tablet=&#8221;0px&#8221; text_letter_spacing_phone=&#8221;0px&#8221; text_letter_spacing_last_edited=&#8221;on|tablet&#8221; header_font_size_tablet=&#8221;75px&#8221; locked=&#8221;off&#8221; global_colors_info=&#8221;{%22gcid-03c8d5c7-bd9d-46ba-ac11-a23b00cfe1d4%22:%91%22text_text_color%22,%22text_text_color_phone%22%93}&#8221; sticky_enabled=&#8221;0&#8243;]<\/p>\n<p>Your Eixample laundry<\/p>\n<p>[\/et_pb_text][\/et_pb_column][\/et_pb_row][et_pb_row custom_padding_last_edited=&#8221;on|tablet&#8221; _builder_version=&#8221;4.27.4&#8243; _module_preset=&#8221;default&#8221; custom_padding_tablet=&#8221;0px||||false|false&#8221; custom_padding_phone=&#8221;0px||||false|false&#8221; global_colors_info=&#8221;{}&#8221;][et_pb_column type=&#8221;4_4&#8243; _builder_version=&#8221;4.27.4&#8243; _module_preset=&#8221;default&#8221; global_colors_info=&#8221;{}&#8221;][et_pb_text _builder_version=&#8221;4.27.4&#8243; _module_preset=&#8221;3ad78650-25a1-4e74-848d-ee52e9c6756b&#8221; text_font_size_tablet=&#8221;&#8221; text_font_size_phone=&#8221;&#8221; text_font_size_last_edited=&#8221;on|phone&#8221; global_colors_info=&#8221;{}&#8221;]<\/p>\n<p>Clean clothes, fast service, fair prices<\/p>\n<p>[\/et_pb_text][et_pb_image src=&#8221;http:\/\/elsafareigdelbarri.com\/wp-content\/uploads\/2024\/11\/separador_piezas.png&#8221; title_text=&#8221;pieces_separator&#8221; _builder_version=&#8221;4.27.4&#8243; _module_preset=&#8221;1cb4c4e5-d9af-4175-b69d-029e4fee6e16&#8243; global_colors_info=&#8221;{}&#8221;][\/et_pb_image][\/et_pb_column][\/et_pb_row][\/et_pb_section][et_pb_section fb_built=&#8221;1&#8243; custom_padding_last_edited=&#8221;on|tablet&#8221; _builder_version=&#8221;4.27.4&#8243; _module_preset=&#8221;944b100d-7c47-4242-a1c4-181bd98d8ec0&#8243; background_color=&#8221;gcid-90bae19c-80f1-4656-ba41-6b442c9cdac7&#8243; custom_padding_tablet=&#8221;&#8221; custom_padding_phone=&#8221;&#8221; global_colors_info=&#8221;{%22gcid-90bae19c-80f1-4656-ba41-6b442c9cdac7%22:%91%22background_color%22%93}&#8221;][et_pb_row _builder_version=&#8221;4.27.4&#8243; _module_preset=&#8221;default&#8221; global_colors_info=&#8221;{}&#8221;][et_pb_column type=&#8221;4_4&#8243; _builder_version=&#8221;4.27.4&#8243; _module_preset=&#8221;default&#8221; global_colors_info=&#8221;{}&#8221;][et_pb_text _builder_version=&#8221;4.27.4&#8243; _module_preset=&#8221;ede5ab01-2400-4489-91ec-3ec1ff137dfe&#8221; global_colors_info=&#8221;{}&#8221;]<\/p>\n<p>where we are<\/p>\n<p>[\/et_pb_text][et_pb_text _builder_version=&#8221;4.27.4&#8243; _module_preset=&#8221;default&#8221; text_font_size=&#8221;15px&#8221; text_orientation=&#8221;center&#8221; global_colors_info=&#8221;{}&#8221;]Our laundry, EL SAFAREIG DEL BARRI, is located in a privileged location in the heart of Barcelona, \u200b\u200bon Carrer d&#8217;Arag\u00f3, 104, L&#8217;Eixample. Located in a central and easily accessible area, it enjoys the convenience of a pedestrian street and ample parking options for cars and bicycles.[\/et_pb_text][et_pb_code _builder_version=&#8221;4.27.4&#8243; _module_preset=&#8221;default&#8221; global_colors_info=&#8221;{}&#8221;]<iframe src=\"https:\/\/www.google.com\/maps\/embed?pb=!1m18!1m12!1m3!1d5987.111749976327!2d2.1539036!3d41.383733!2m3!1f0!2f0!3f0!3m2!1i1024!2i768!4f13.1!3m3!1m2!1s0x12a4a286349bfead%3A0x11055e9759b2ab5b!2sEl%20Safareig%20del%20Barri%20-%20Bugaderia%20%2F%20Laundry%20%2F%20Lavander%C3%ADa%20%2F%20Laverie!5e0!3m2!1sca!2ses!4v1733139474136!5m2!1sca!2ses\" width=\"1100\" height=\"450\" style=\"border:0;\" allowfullscreen=\"\" loading=\"lazy\" referrerpolicy=\"no-referrer-when-downgrade\"><\/iframe>[\/et_pb_code][\/et_pb_column][\/et_pb_row][\/et_pb_section][et_pb_section fb_built=&#8221;1&#8243; custom_padding_last_edited=&#8221;on|tablet&#8221; _builder_version=&#8221;4.27.4&#8243; _module_preset=&#8221;default&#8221; background_color=&#8221;#FFFFFF&#8221; custom_padding_tablet=&#8221;0px||0px||true|false&#8221; custom_padding_phone=&#8221;0px||0px||true|false&#8221; global_colors_info=&#8221;{}&#8221;][et_pb_row _builder_version=&#8221;4.27.4&#8243; _module_preset=&#8221;default&#8221; global_colors_info=&#8221;{}&#8221;][et_pb_column type=&#8221;4_4&#8243; _builder_version=&#8221;4.27.4&#8243; _module_preset=&#8221;default&#8221; global_colors_info=&#8221;{}&#8221;][et_pb_text _builder_version=&#8221;4.27.4&#8243; _module_preset=&#8221;ede5ab01-2400-4489-91ec-3ec1ff137dfe&#8221; global_colors_info=&#8221;{}&#8221;]<\/p>\n<p>Contact us<\/p>\n<p>[\/et_pb_text][et_pb_text _builder_version=&#8221;4.27.4&#8243; _module_preset=&#8221;default&#8221; text_font_size=&#8221;15px&#8221; text_orientation=&#8221;center&#8221; global_colors_info=&#8221;{}&#8221;]Do you have any questions or need assistance? Fill out the contact form and we will respond to you as soon as possible. At EL SAFAREIG DEL BARRI, your satisfaction is our priority.[\/et_pb_text][et_pb_contact_form email=&#8221;hola@bugaderiatot.net&#8221; custom_message=&#8221;Nombre: %%Name%%||et_pb_line_break_holder||Tel\u00e9fono de contacto: %%phone%%||et_pb_line_break_holder||Direcci\u00f3n de correo electr\u00f3nico: %%Email%%||et_pb_line_break_holder||Asunto: %%Asunto%%||et_pb_line_break_holder||Mensaje: %%Message%%&#8221; success_message=&#8221;Thank you for contacting us, we will reply to you as soon as possible.&#8221; _builder_version=&#8221;4.27.4&#8243; _module_preset=&#8221;_initial&#8221; background_color=&#8221;#FFFFFF&#8221; custom_button=&#8221;on&#8221; button_text_color=&#8221;#5a83ab&#8221; custom_css_captcha_field=&#8221;background-color: rgba(78, 129, 172, 0.34)&#8221; global_colors_info=&#8221;{}&#8221;][et_pb_contact_field field_id=&#8221;Name&#8221; field_title=&#8221;Name&#8221; _builder_version=&#8221;4.27.4&#8243; _module_preset=&#8221;a3c14175-816c-4e95-838b-b234705c567d&#8221; form_field_background_color=&#8221;gcid-90bae19c-80f1-4656-ba41-6b442c9cdac7&#8243; global_colors_info=&#8221;{%22gcid-90bae19c-80f1-4656-ba41-6b442c9cdac7%22:%91%22form_field_background_color%22%93}&#8221; button_text_size__hover_enabled=&#8221;off&#8221; button_one_text_size__hover_enabled=&#8221;off&#8221; button_two_text_size__hover_enabled=&#8221;off&#8221; button_text_color__hover_enabled=&#8221;off&#8221; button_one_text_color__hover_enabled=&#8221;off&#8221; button_two_text_color__hover_enabled=&#8221;off&#8221; button_border_width__hover_enabled=&#8221;off&#8221; button_one_border_width__hover_enabled=&#8221;off&#8221; button_two_border_width__hover_enabled=&#8221;off&#8221; button_border_color__hover_enabled=&#8221;off&#8221; button_one_border_color__hover_enabled=&#8221;off&#8221; button_two_border_color__hover_enabled=&#8221;off&#8221; button_border_radius__hover_enabled=&#8221;off&#8221; button_one_border_radius__hover_enabled=&#8221;off&#8221; button_two_border_radius__hover_enabled=&#8221;off&#8221; button_letter_spacing__hover_enabled=&#8221;off&#8221; button_one_letter_spacing__hover_enabled=&#8221;off&#8221; button_two_letter_spacing__hover_enabled=&#8221;off&#8221; button_bg_color__hover_enabled=&#8221;off&#8221; button_one_bg_color__hover_enabled=&#8221;off&#8221; button_two_bg_color__hover_enabled=&#8221;off&#8221;][\/et_pb_contact_field][et_pb_contact_field field_id=&#8221;phone&#8221; field_title=&#8221;Contact phone&#8221; min_length=&#8221;9&#8243; max_length=&#8221;11&#8243; allowed_symbols=&#8221;numbers&#8221; _builder_version=&#8221;4.27.4&#8243; _module_preset=&#8221;a3c14175-816c-4e95-838b-b234705c567d&#8221; form_field_background_color=&#8221;gcid-90bae19c-80f1-4656-ba41-6b442c9cdac7&#8243; global_colors_info=&#8221;{%22gcid-90bae19c-80f1-4656-ba41-6b442c9cdac7%22:%91%22form_field_background_color%22%93}&#8221;][\/et_pb_contact_field][et_pb_contact_field field_id=&#8221;Email&#8221; field_title=&#8221;Email address&#8221; field_type=&#8221;email&#8221; _builder_version=&#8221;4.27.4&#8243; _module_preset=&#8221;a3c14175-816c-4e95-838b-b234705c567d&#8221; form_field_background_color=&#8221;gcid-90bae19c-80f1-4656-ba41-6b442c9cdac7&#8243; global_colors_info=&#8221;{%22gcid-90bae19c-80f1-4656-ba41-6b442c9cdac7%22:%91%22form_field_background_color%22%93}&#8221; button_text_size__hover_enabled=&#8221;off&#8221; button_one_text_size__hover_enabled=&#8221;off&#8221; button_two_text_size__hover_enabled=&#8221;off&#8221; button_text_color__hover_enabled=&#8221;off&#8221; button_one_text_color__hover_enabled=&#8221;off&#8221; button_two_text_color__hover_enabled=&#8221;off&#8221; button_border_width__hover_enabled=&#8221;off&#8221; button_one_border_width__hover_enabled=&#8221;off&#8221; button_two_border_width__hover_enabled=&#8221;off&#8221; button_border_color__hover_enabled=&#8221;off&#8221; button_one_border_color__hover_enabled=&#8221;off&#8221; button_two_border_color__hover_enabled=&#8221;off&#8221; button_border_radius__hover_enabled=&#8221;off&#8221; button_one_border_radius__hover_enabled=&#8221;off&#8221; button_two_border_radius__hover_enabled=&#8221;off&#8221; button_letter_spacing__hover_enabled=&#8221;off&#8221; button_one_letter_spacing__hover_enabled=&#8221;off&#8221; button_two_letter_spacing__hover_enabled=&#8221;off&#8221; button_bg_color__hover_enabled=&#8221;off&#8221; button_one_bg_color__hover_enabled=&#8221;off&#8221; button_two_bg_color__hover_enabled=&#8221;off&#8221;][\/et_pb_contact_field][et_pb_contact_field field_id=&#8221;Asunto&#8221; field_title=&#8221;Affair&#8221; required_mark=&#8221;off&#8221; _builder_version=&#8221;4.27.4&#8243; _module_preset=&#8221;default&#8221; form_field_background_color=&#8221;gcid-90bae19c-80f1-4656-ba41-6b442c9cdac7&#8243; background_color=&#8221;#FFFFFF&#8221; background_enable_color=&#8221;on&#8221; global_colors_info=&#8221;{%22gcid-90bae19c-80f1-4656-ba41-6b442c9cdac7%22:%91%22form_field_background_color%22%93}&#8221;][\/et_pb_contact_field][et_pb_contact_field field_id=&#8221;Message&#8221; field_title=&#8221;Message&#8221; field_type=&#8221;text&#8221; fullwidth_field=&#8221;on&#8221; _builder_version=&#8221;4.27.4&#8243; _module_preset=&#8221;a3c14175-816c-4e95-838b-b234705c567d&#8221; form_field_background_color=&#8221;gcid-90bae19c-80f1-4656-ba41-6b442c9cdac7&#8243; global_colors_info=&#8221;{%22gcid-90bae19c-80f1-4656-ba41-6b442c9cdac7%22:%91%22form_field_background_color%22%93}&#8221; button_text_size__hover_enabled=&#8221;off&#8221; button_one_text_size__hover_enabled=&#8221;off&#8221; button_two_text_size__hover_enabled=&#8221;off&#8221; button_text_color__hover_enabled=&#8221;off&#8221; button_one_text_color__hover_enabled=&#8221;off&#8221; button_two_text_color__hover_enabled=&#8221;off&#8221; button_border_width__hover_enabled=&#8221;off&#8221; button_one_border_width__hover_enabled=&#8221;off&#8221; button_two_border_width__hover_enabled=&#8221;off&#8221; button_border_color__hover_enabled=&#8221;off&#8221; button_one_border_color__hover_enabled=&#8221;off&#8221; button_two_border_color__hover_enabled=&#8221;off&#8221; button_border_radius__hover_enabled=&#8221;off&#8221; button_one_border_radius__hover_enabled=&#8221;off&#8221; button_two_border_radius__hover_enabled=&#8221;off&#8221; button_letter_spacing__hover_enabled=&#8221;off&#8221; button_one_letter_spacing__hover_enabled=&#8221;off&#8221; button_two_letter_spacing__hover_enabled=&#8221;off&#8221; button_bg_color__hover_enabled=&#8221;off&#8221; button_one_bg_color__hover_enabled=&#8221;off&#8221; button_two_bg_color__hover_enabled=&#8221;off&#8221;][\/et_pb_contact_field][\/et_pb_contact_form][\/et_pb_column][\/et_pb_row][\/et_pb_section][et_pb_section fb_built=&#8221;1&#8243; custom_padding_last_edited=&#8221;on|tablet&#8221; _builder_version=&#8221;4.27.4&#8243; _module_preset=&#8221;default&#8221; background_color=&#8221;gcid-90bae19c-80f1-4656-ba41-6b442c9cdac7&#8243; custom_padding_tablet=&#8221;0px||0px||true|false&#8221; custom_padding_phone=&#8221;0px||0px||true|false&#8221; global_colors_info=&#8221;{%22gcid-90bae19c-80f1-4656-ba41-6b442c9cdac7%22:%91%22background_color%22%93}&#8221;][et_pb_row _builder_version=&#8221;4.27.4&#8243; _module_preset=&#8221;default&#8221; global_colors_info=&#8221;{}&#8221;][et_pb_column type=&#8221;4_4&#8243; _builder_version=&#8221;4.27.4&#8243; _module_preset=&#8221;default&#8221; global_colors_info=&#8221;{}&#8221;][et_pb_text _builder_version=&#8221;4.27.4&#8243; _module_preset=&#8221;3ad78650-25a1-4e74-848d-ee52e9c6756b&#8221; global_colors_info=&#8221;{}&#8221;]<\/p>\n<p style=\"text-align: center;\">Save with your customer card<\/p>\n<p>[\/et_pb_text][et_pb_image src=&#8221;http:\/\/elsafareigdelbarri.com\/wp-content\/uploads\/2024\/11\/separador_piezas.png&#8221; title_text=&#8221;pieces_separator&#8221; _builder_version=&#8221;4.27.4&#8243; _module_preset=&#8221;1cb4c4e5-d9af-4175-b69d-029e4fee6e16&#8243; global_colors_info=&#8221;{}&#8221;][\/et_pb_image][\/et_pb_column][\/et_pb_row][et_pb_row column_structure=&#8221;1_2,1_2&#8243; _builder_version=&#8221;4.27.4&#8243; _module_preset=&#8221;default&#8221; global_colors_info=&#8221;{}&#8221;][et_pb_column type=&#8221;1_2&#8243; _builder_version=&#8221;4.27.4&#8243; _module_preset=&#8221;default&#8221; global_colors_info=&#8221;{}&#8221;][et_pb_image src=&#8221;http:\/\/elsafareigdelbarri.com\/wp-content\/uploads\/2024\/11\/tarjeta_grande_azul_elsafareigdelbarri.png&#8221; title_text=&#8221;big_blue_card_elsafareigdelbarri&#8221; align=&#8221;center&#8221; _builder_version=&#8221;4.27.4&#8243; _module_preset=&#8221;default&#8221; animation_style=&#8221;fold&#8221; animation_duration=&#8221;1500ms&#8221; global_colors_info=&#8221;{}&#8221;][\/et_pb_image][\/et_pb_column][et_pb_column type=&#8221;1_2&#8243; _builder_version=&#8221;4.27.4&#8243; _module_preset=&#8221;default&#8221; global_colors_info=&#8221;{}&#8221;][et_pb_text _builder_version=&#8221;4.27.4&#8243; _module_preset=&#8221;default&#8221; text_font_size=&#8221;15px&#8221; global_colors_info=&#8221;{}&#8221;]With the EL SAFAREIG DEL BARRI customer card you will get a 10% discount on the prices indicated on washing machines and a 5% discount on the price of dryers.<\/p>\n<p>You can get it at the PAYMENT CENTRAL by following these steps:<\/p>\n<ul class=\"custom-list\">\n<li class=\"custom-list-content\"><i class=\"font-icon \"><\/i><span class=\"custom-list-content-inner\">1. Select the &#8220;BUY CARD&#8221; option<\/span><\/li>\n<li class=\"custom-list-content\"><i class=\"font-icon \"><\/i><span class=\"custom-list-content-inner\">2. Make the payment of \u20ac20.<\/span><\/li>\n<li class=\"custom-list-content\"><i class=\"font-icon \"><\/i><span class=\"custom-list-content-inner\">3. Collect the EL SAFAREIG DEL BARRI card.<\/span><\/li>\n<\/ul>\n<p>The EL SAFAREIG DEL BARRI card is rechargeable and does not expire<\/p>\n<p>It will allow you to access offers and promotions only valid with your card.[\/et_pb_text][\/et_pb_column][\/et_pb_row][\/et_pb_section][et_pb_section fb_built=&#8221;1&#8243; custom_padding_last_edited=&#8221;on|tablet&#8221; _builder_version=&#8221;4.27.4&#8243; _module_preset=&#8221;default&#8221; custom_padding=&#8221;||||false|false&#8221; custom_padding_tablet=&#8221;0px||0px||true|false&#8221; custom_padding_phone=&#8221;0px||0px||true|false&#8221; global_colors_info=&#8221;{}&#8221;][et_pb_row _builder_version=&#8221;4.27.4&#8243; _module_preset=&#8221;default&#8221; global_colors_info=&#8221;{}&#8221;][et_pb_column type=&#8221;4_4&#8243; _builder_version=&#8221;4.27.4&#8243; _module_preset=&#8221;default&#8221; global_colors_info=&#8221;{}&#8221;][et_pb_text _builder_version=&#8221;4.27.4&#8243; _module_preset=&#8221;3ad78650-25a1-4e74-848d-ee52e9c6756b&#8221; global_colors_info=&#8221;{}&#8221;]<\/p>\n<p style=\"text-align: center;\">Personal attention at your disposal<\/p>\n<p>[\/et_pb_text][et_pb_image src=&#8221;http:\/\/elsafareigdelbarri.com\/wp-content\/uploads\/2024\/11\/separador_piezas.png&#8221; title_text=&#8221;pieces_separator&#8221; _builder_version=&#8221;4.27.4&#8243; _module_preset=&#8221;1cb4c4e5-d9af-4175-b69d-029e4fee6e16&#8243; global_colors_info=&#8221;{}&#8221;][\/et_pb_image][et_pb_text _builder_version=&#8221;4.27.4&#8243; _module_preset=&#8221;e23be3c8-65f2-4ef2-9320-da9577b39b7e&#8221; global_colors_info=&#8221;{}&#8221;]<\/p>\n<p>Our team is at your disposal every day of the week, from 8:00 a.m. to 10:00 p.m. Contact us by phone at <strong>690 011 504<\/strong>, via WhatsApp or use the contact form on our website. <\/p>\n<p>[\/et_pb_text][\/et_pb_column][\/et_pb_row][\/et_pb_section]<\/p>\n","protected":false},"excerpt":{"rendered":"<p>Your Eixample laundryClean clothes, fast service, fair priceswhere we areOur laundry, EL SAFAREIG DEL BARRI, is located in a privileged location in the heart of Barcelona, \u200b\u200bon Carrer d&#8217;Arag\u00f3, 104, L&#8217;Eixample. Located in a central and easily accessible area, it enjoys the convenience of a pedestrian street and ample parking options for cars and bicycles.Contact [&hellip;]<\/p>\n","protected":false},"author":1,"featured_media":0,"parent":0,"menu_order":0,"comment_status":"closed","ping_status":"closed","template":"","meta":{"_et_pb_use_builder":"on","_et_pb_old_content":"","_et_gb_content_width":"","footnotes":""},"class_list":["post-738","page","type-page","status-publish","hentry"],"_links":{"self":[{"href":"https:\/\/elsafareigdelbarri.com\/en\/wp-json\/wp\/v2\/pages\/738","targetHints":{"allow":["GET"]}}],"collection":[{"href":"https:\/\/elsafareigdelbarri.com\/en\/wp-json\/wp\/v2\/pages"}],"about":[{"href":"https:\/\/elsafareigdelbarri.com\/en\/wp-json\/wp\/v2\/types\/page"}],"author":[{"embeddable":true,"href":"https:\/\/elsafareigdelbarri.com\/en\/wp-json\/wp\/v2\/users\/1"}],"replies":[{"embeddable":true,"href":"https:\/\/elsafareigdelbarri.com\/en\/wp-json\/wp\/v2\/comments?post=738"}],"version-history":[{"count":8,"href":"https:\/\/elsafareigdelbarri.com\/en\/wp-json\/wp\/v2\/pages\/738\/revisions"}],"predecessor-version":[{"id":1074,"href":"https:\/\/elsafareigdelbarri.com\/en\/wp-json\/wp\/v2\/pages\/738\/revisions\/1074"}],"wp:attachment":[{"href":"https:\/\/elsafareigdelbarri.com\/en\/wp-json\/wp\/v2\/media?parent=738"}],"curies":[{"name":"wp","href":"https:\/\/api.w.org\/{rel}","templated":true}]}}