{"id":744,"date":"2024-12-02T16:33:33","date_gmt":"2024-12-02T15:33:33","guid":{"rendered":"https:\/\/elsafareigdelbarri.new\/coneix-nos\/"},"modified":"2025-02-21T11:14:27","modified_gmt":"2025-02-21T10:14:27","slug":"coneix-nos","status":"publish","type":"page","link":"https:\/\/elsafareigdelbarri.com\/ca\/coneix-nos\/","title":{"rendered":"Coneix-nos"},"content":{"rendered":"<p>[et_pb_section fb_built=&#8221;1&#8243; fullwidth=&#8221;on&#8221; _builder_version=&#8221;4.27.4&#8243; _module_preset=&#8221;default&#8221; global_colors_info=&#8221;{}&#8221;][et_pb_fullwidth_image src=&#8221;http:\/\/elsafareigdelbarri.com\/wp-content\/uploads\/2025\/02\/header-conocenos-400.png&#8221; title_text=&#8221;header-conocenos-400&#8243; _builder_version=&#8221;4.27.4&#8243; _module_preset=&#8221;default&#8221; max_height_tablet=&#8221;520px&#8221; max_height_phone=&#8221;520px&#8221; max_height_last_edited=&#8221;on|desktop&#8221; global_colors_info=&#8221;{}&#8221;][\/et_pb_fullwidth_image][\/et_pb_section][et_pb_section fb_built=&#8221;1&#8243; custom_padding_last_edited=&#8221;on|tablet&#8221; _builder_version=&#8221;4.27.4&#8243; _module_preset=&#8221;default&#8221; custom_padding_tablet=&#8221;0px||0px||true|false&#8221; custom_padding_phone=&#8221;0px||0px||true|false&#8221; global_colors_info=&#8221;{}&#8221;][et_pb_row _builder_version=&#8221;4.27.4&#8243; _module_preset=&#8221;default&#8221; global_colors_info=&#8221;{}&#8221;][et_pb_column type=&#8221;4_4&#8243; _builder_version=&#8221;4.27.4&#8243; _module_preset=&#8221;default&#8221; global_colors_info=&#8221;{}&#8221;][et_pb_text content_tablet=&#8221;<\/p>\n<p>Coneix-nos<\/p>\n<p>&#8221; content_phone=&#8221;<\/p>\n<p>Coneix-nos<\/p>\n<p>&#8221; content_last_edited=&#8221;on|phone&#8221; _builder_version=&#8221;4.27.4&#8243; _module_preset=&#8221;default&#8221; text_font=&#8221;Poppins|500|||||||&#8221; text_text_color=&#8221;gcid-03c8d5c7-bd9d-46ba-ac11-a23b00cfe1d4&#8243; text_font_size=&#8221;50px&#8221; text_letter_spacing=&#8221;3px&#8221; header_font_size=&#8221;70px&#8221; text_orientation=&#8221;center&#8221; text_font_tablet=&#8221;Poppins|500|||||||&#8221; text_font_phone=&#8221;Poppins|500|||||||&#8221; text_font_last_edited=&#8221;on|phone&#8221; text_font_size_tablet=&#8221;40px&#8221; text_font_size_phone=&#8221;35px&#8221; text_font_size_last_edited=&#8221;on|phone&#8221; header_font_size_tablet=&#8221;70px&#8221; header_font_size_phone=&#8221;40px&#8221; header_font_size_last_edited=&#8221;on|phone&#8221; global_colors_info=&#8221;{%22gcid-03c8d5c7-bd9d-46ba-ac11-a23b00cfe1d4%22:%91%22text_text_color%22%93}&#8221;]<\/p>\n<p>Coneix-nos<\/p>\n<p>[\/et_pb_text][\/et_pb_column][\/et_pb_row][et_pb_row custom_padding_last_edited=&#8221;on|phone&#8221; _builder_version=&#8221;4.27.4&#8243; _module_preset=&#8221;default&#8221; custom_padding_tablet=&#8221;0px||||false|false&#8221; custom_padding_phone=&#8221;0px||||false|false&#8221; global_colors_info=&#8221;{}&#8221;][et_pb_column type=&#8221;4_4&#8243; _builder_version=&#8221;4.27.4&#8243; _module_preset=&#8221;default&#8221; global_colors_info=&#8221;{}&#8221;][et_pb_text _builder_version=&#8221;4.27.4&#8243; _module_preset=&#8221;10105986-dc81-470c-b700-e0f3f74bff1b&#8221; text_font=&#8221;Poppins||||||||&#8221; text_font_tablet=&#8221;Poppins||||||||&#8221; text_font_phone=&#8221;Poppins||||||||&#8221; text_font_last_edited=&#8221;on|tablet&#8221; text_font_size_phone=&#8221;20px&#8221; text_letter_spacing_tablet=&#8221;0px&#8221; text_letter_spacing_phone=&#8221;0px&#8221; text_letter_spacing_last_edited=&#8221;on|phone&#8221; global_colors_info=&#8221;{}&#8221;]<\/p>\n<p>Roba neta, servei r\u00e0pid, preus justos<\/p>\n<p>[\/et_pb_text][et_pb_image src=&#8221;http:\/\/elsafareigdelbarri.com\/wp-content\/uploads\/2024\/11\/separador_piezas.png&#8221; title_text=&#8221;separador_peces&#8221; _builder_version=&#8221;4.27.4&#8243; _module_preset=&#8221;1cb4c4e5-d9af-4175-b69d-029e4fee6e16&#8243; global_colors_info=&#8221;{}&#8221;][\/et_pb_image][\/et_pb_column][\/et_pb_row][\/et_pb_section][et_pb_section fb_built=&#8221;1&#8243; custom_padding_last_edited=&#8221;on|tablet&#8221; _builder_version=&#8221;4.27.4&#8243; _module_preset=&#8221;944b100d-7c47-4242-a1c4-181bd98d8ec0&#8243; background_color=&#8221;gcid-90bae19c-80f1-4656-ba41-6b442c9cdac7&#8243; custom_padding_tablet=&#8221;&#8221; custom_padding_phone=&#8221;&#8221; top_divider_height=&#8221;85px&#8221; top_divider_repeat=&#8221;1x&#8221; top_divider_height_tablet=&#8221;85px&#8221; top_divider_height_phone=&#8221;85px&#8221; top_divider_height_last_edited=&#8221;on|desktop&#8221; global_colors_info=&#8221;{%22gcid-90bae19c-80f1-4656-ba41-6b442c9cdac7%22:%91%22background_color%22%93}&#8221;][et_pb_row column_structure=&#8221;1_2,1_2&#8243; _builder_version=&#8221;4.27.4&#8243; _module_preset=&#8221;default&#8221; global_colors_info=&#8221;{}&#8221;][et_pb_column type=&#8221;1_2&#8243; _builder_version=&#8221;4.27.4&#8243; _module_preset=&#8221;default&#8221; global_colors_info=&#8221;{}&#8221;][et_pb_text _builder_version=&#8221;4.27.4&#8243; _module_preset=&#8221;ede5ab01-2400-4489-91ec-3ec1ff137dfe&#8221; text_line_height=&#8221;1.2em&#8221; text_line_height_tablet=&#8221;1.2em&#8221; text_line_height_phone=&#8221;1.2em&#8221; text_line_height_last_edited=&#8221;on|phone&#8221; global_colors_info=&#8221;{}&#8221;]<\/p>\n<p>La nostra traject\u00f2ria i filosofia<\/p>\n<p>[\/et_pb_text][et_pb_text _builder_version=&#8221;4.27.4&#8243; _module_preset=&#8221;default&#8221; text_font_size=&#8221;15px&#8221; text_orientation_tablet=&#8221;&#8221; text_orientation_phone=&#8221;&#8221; text_orientation_last_edited=&#8221;on|phone&#8221; global_colors_info=&#8221;{}&#8221;]<\/p>\n<p>EL SAFAREIG DEL BARRI s&#8217;ha consolidat com una bugaderia autoservei de refer\u00e8ncia a Barcelona des de la seva obertura el 2015. Ubicats a Carrer d&#8217;Arag\u00f3, 104, l&#8217;Eixample, oferim una experi\u00e8ncia \u00fanica que combina efici\u00e8ncia, comoditat i un ambient acollidor, redefinint el concepte tradicional de bugaderia. <\/p>\n<p>[\/et_pb_text][\/et_pb_column][et_pb_column type=&#8221;1_2&#8243; _builder_version=&#8221;4.27.4&#8243; _module_preset=&#8221;default&#8221; global_colors_info=&#8221;{}&#8221;][et_pb_gallery gallery_ids=&#8221;237,241,261&#8243; fullwidth=&#8221;on&#8221; _builder_version=&#8221;4.27.4&#8243; _module_preset=&#8221;default&#8221; animation_style=&#8221;fade&#8221; hover_enabled=&#8221;0&#8243; global_colors_info=&#8221;{}&#8221; sticky_enabled=&#8221;0&#8243;][\/et_pb_gallery][\/et_pb_column][\/et_pb_row][et_pb_row column_structure=&#8221;1_2,1_2&#8243; _builder_version=&#8221;4.27.4&#8243; _module_preset=&#8221;default&#8221; global_colors_info=&#8221;{}&#8221;][et_pb_column type=&#8221;1_2&#8243; _builder_version=&#8221;4.27.4&#8243; _module_preset=&#8221;default&#8221; global_colors_info=&#8221;{}&#8221;][et_pb_gallery gallery_ids=&#8221;245,249,257,253&#8243; fullwidth=&#8221;on&#8221; _builder_version=&#8221;4.27.4&#8243; _module_preset=&#8221;default&#8221; width=&#8221;50%&#8221; module_alignment=&#8221;center&#8221; animation_style=&#8221;fade&#8221; global_colors_info=&#8221;{}&#8221;][\/et_pb_gallery][\/et_pb_column][et_pb_column type=&#8221;1_2&#8243; _builder_version=&#8221;4.27.4&#8243; _module_preset=&#8221;default&#8221; global_colors_info=&#8221;{}&#8221;][et_pb_text _builder_version=&#8221;4.27.4&#8243; _module_preset=&#8221;ede5ab01-2400-4489-91ec-3ec1ff137dfe&#8221; text_line_height=&#8221;1.2em&#8221; text_line_height_tablet=&#8221;1.2em&#8221; text_line_height_phone=&#8221;1.2em&#8221; text_line_height_last_edited=&#8221;on|desktop&#8221; global_colors_info=&#8221;{}&#8221;]<\/p>\n<p>Un espai singular i acollidor<\/p>\n<p>[\/et_pb_text][et_pb_text _builder_version=&#8221;4.27.4&#8243; _module_preset=&#8221;59936e0d-014a-47d5-941c-49a138b22788&#8243; text_orientation=&#8221;left&#8221; global_colors_info=&#8221;{}&#8221;]<\/p>\n<p>La nostra bugaderia est\u00e0 dissenyada perqu\u00e8 cada client se senti cuidat i sorpr\u00e8s alhora. Hem creat un espai c\u00e0lid i casol\u00e0 on pots rentar i assecar la teva roba en un entorn d&#8217;\u00faltima generaci\u00f3. El disseny modern incorpora elements arquitect\u00f2nics i decoratius que fan que EL SAFAREIG DEL BARRI destaqui entre les altres bugaderies autoservei de Barcelona. Cada detall ha estat pensat per oferir una experi\u00e8ncia agradable i funcional.   <\/p>\n<p>[\/et_pb_text][\/et_pb_column][\/et_pb_row][et_pb_row column_structure=&#8221;1_2,1_2&#8243; _builder_version=&#8221;4.27.4&#8243; _module_preset=&#8221;default&#8221; global_colors_info=&#8221;{}&#8221;][et_pb_column type=&#8221;1_2&#8243; _builder_version=&#8221;4.27.4&#8243; _module_preset=&#8221;default&#8221; global_colors_info=&#8221;{}&#8221;][et_pb_text _builder_version=&#8221;4.27.4&#8243; _module_preset=&#8221;ede5ab01-2400-4489-91ec-3ec1ff137dfe&#8221; text_line_height=&#8221;1.2em&#8221; text_font_size_phone=&#8221;23px&#8221; text_line_height_tablet=&#8221;1.2em&#8221; text_line_height_phone=&#8221;1.2em&#8221; text_line_height_last_edited=&#8221;on|desktop&#8221; global_colors_info=&#8221;{}&#8221;]<\/p>\n<p>Tecnologia d&#8217;\u00faltima generaci\u00f3 amb GIRBAU<\/p>\n<p>[\/et_pb_text][et_pb_text _builder_version=&#8221;4.27.4&#8243; _module_preset=&#8221;default&#8221; text_font_size=&#8221;15px&#8221; global_colors_info=&#8221;{}&#8221;]<\/p>\n<p>Al SAFAREIG DEL BARRI, utilitzem m\u00e0quines de la prestigiosa marca GIRBAU, l\u00edder mundial al sector de bugaderies autoservei. Les m\u00e0quines GIRBAU s\u00f3n reconegudes per la seva fiabilitat, efici\u00e8ncia i durabilitat, assegurant que la teva roba rebi la millor cura possible. A m\u00e9s, comptem amb la darrera tecnologia a dist\u00e0ncia, cosa que ens permet assistir als nostres clients de forma remota i immediata. Aix\u00f2 garanteix que qualsevol problema o consulta sigui at\u00e8s r\u00e0pidament, proporcionant una experi\u00e8ncia sense inconvenients i optimitzant el teu temps.   <\/p>\n<p>[\/et_pb_text][\/et_pb_column][et_pb_column type=&#8221;1_2&#8243; _builder_version=&#8221;4.27.4&#8243; _module_preset=&#8221;default&#8221; global_colors_info=&#8221;{}&#8221;][et_pb_gallery gallery_ids=&#8221;265,269,273,277&#8243; fullwidth=&#8221;on&#8221; _builder_version=&#8221;4.27.4&#8243; _module_preset=&#8221;default&#8221; width=&#8221;50%&#8221; module_alignment=&#8221;center&#8221; animation_style=&#8221;fade&#8221; global_colors_info=&#8221;{}&#8221;][\/et_pb_gallery][\/et_pb_column][\/et_pb_row][\/et_pb_section][et_pb_section fb_built=&#8221;1&#8243; _builder_version=&#8221;4.27.4&#8243; _module_preset=&#8221;default&#8221; custom_margin=&#8221;0px||0px||false|false&#8221; custom_padding=&#8221;0px||0px||true|false&#8221; global_colors_info=&#8221;{}&#8221;][et_pb_row use_custom_gutter=&#8221;on&#8221; gutter_width=&#8221;1&#8243; _builder_version=&#8221;4.27.4&#8243; _module_preset=&#8221;default&#8221; global_colors_info=&#8221;{}&#8221;][et_pb_column type=&#8221;4_4&#8243; _builder_version=&#8221;4.27.4&#8243; _module_preset=&#8221;default&#8221; global_colors_info=&#8221;{}&#8221;][et_pb_gallery gallery_ids=&#8221;283,287,299,303,311,315,319,327&#8243; gallery_orderby=&#8221;rand&#8221; posts_number=&#8221;8&#8243; show_title_and_caption=&#8221;off&#8221; show_pagination=&#8221;off&#8221; zoom_icon_color=&#8221;RGBA(255,255,255,0)&#8221; _builder_version=&#8221;4.27.4&#8243; _module_preset=&#8221;default&#8221; hover_enabled=&#8221;0&#8243; border_width_all=&#8221;3px&#8221; border_color_all=&#8221;#FFFFFF&#8221; global_colors_info=&#8221;{}&#8221; hover_overlay_color=&#8221;RGBA(255,255,255,0)&#8221; sticky_enabled=&#8221;0&#8243;][\/et_pb_gallery][\/et_pb_column][\/et_pb_row][et_pb_row column_structure=&#8221;1_4,1_4,1_4,1_4&#8243; use_custom_gutter=&#8221;on&#8221; make_equal=&#8221;on&#8221; _builder_version=&#8221;4.27.4&#8243; _module_preset=&#8221;default&#8221; global_colors_info=&#8221;{}&#8221;][et_pb_column type=&#8221;1_4&#8243; _builder_version=&#8221;4.27.4&#8243; _module_preset=&#8221;default&#8221; global_colors_info=&#8221;{}&#8221;][et_pb_text _builder_version=&#8221;4.27.4&#8243; _module_preset=&#8221;default&#8221; text_font_size=&#8221;15px&#8221; global_colors_info=&#8221;{}&#8221;]<\/p>\n<p style=\"text-align: left;\"><strong>Innovaci\u00f3 i efici\u00e8ncia tecnol\u00f2gica<\/strong><\/p>\n<p style=\"text-align: left;\">Comptem amb m\u00e0quines de rentar i assecar de darrera generaci\u00f3 que permeten completar el proc\u00e9s de rentat en tan sols 45 minuts. Les nostres rentadores tenen capacitats que van des de 8 kg fins a 17 kg, ideals per a tot tipus de peces, incloent edredons, cortines i altres articles voluminosos. A m\u00e9s, el nostre sistema d&#8217;autorentat est\u00e0 dissenyat per ser r\u00e0pid i eficient, cuidant el teu temps i assegurant resultats impecables.  <\/p>\n<p>[\/et_pb_text][\/et_pb_column][et_pb_column type=&#8221;1_4&#8243; _builder_version=&#8221;4.27.4&#8243; _module_preset=&#8221;default&#8221; global_colors_info=&#8221;{}&#8221;][et_pb_text _builder_version=&#8221;4.27.4&#8243; _module_preset=&#8221;default&#8221; text_font_size=&#8221;15px&#8221; global_colors_info=&#8221;{}&#8221;]<\/p>\n<p><strong>Comprom\u00eds amb la qualitat i el medi ambient<\/strong><\/p>\n<p>Al SAFAREIG DEL BARRI, utilitzem detergents monocomponents d&#8217;\u00faltima generaci\u00f3, baixos en perfums i tensioactius, lliures de fosfat i biodegradables, assegurant un alt poder desmanxant. El nostre suavitzant amb microc\u00e0psules ofereix m\u00e9s suavitat i facilita el planxat sense electricitat est\u00e0tica ni taques. <\/p>\n<p>A m\u00e9s, el nostre comprom\u00eds ambiental es reflecteix en l&#8217;\u00fas de productes ecol\u00f2gics i en l&#8217;optimitzaci\u00f3 de recursos com l&#8217;aigua, el gas i l&#8217;electricitat, contribuint a reduir l&#8217;impacte ambiental.<\/p>\n<p>[\/et_pb_text][\/et_pb_column][et_pb_column type=&#8221;1_4&#8243; _builder_version=&#8221;4.27.4&#8243; _module_preset=&#8221;default&#8221; global_colors_info=&#8221;{}&#8221;][et_pb_text _builder_version=&#8221;4.27.4&#8243; _module_preset=&#8221;default&#8221; text_font_size=&#8221;15px&#8221; global_colors_info=&#8221;{}&#8221;]<\/p>\n<p style=\"text-align: left;\"><strong>Seguretat i confian\u00e7a<\/strong><\/p>\n<p style=\"text-align: left;\">La seguretat de la teva roba \u00e9s la nostra prioritat. EL SAFAREIG DEL BARRI disposa de c\u00e0meres de vigil\u00e0ncia i sistemes de seguretat avan\u00e7ats, garantint un entorn segur i fiable per a la bugada. Pots estar tranquil sabent que la teva roba est\u00e0 protegida mentre fas el teu rentat.  <\/p>\n<p>[\/et_pb_text][\/et_pb_column][et_pb_column type=&#8221;1_4&#8243; _builder_version=&#8221;4.27.4&#8243; _module_preset=&#8221;default&#8221; global_colors_info=&#8221;{}&#8221;][et_pb_text _builder_version=&#8221;4.27.4&#8243; _module_preset=&#8221;default&#8221; text_font_size=&#8221;15px&#8221; global_colors_info=&#8221;{}&#8221;]<\/p>\n<p style=\"text-align: left;\"><strong>Ubicaci\u00f3 privilegiada en el cor de Barcelona<\/strong><\/p>\n<p style=\"text-align: left;\">Ens trobem en una ubicaci\u00f3 c\u00e8ntrica i de f\u00e0cil acc\u00e9s, a un carrer de vianants que facilita la teva visita. A m\u00e9s, oferim \u00e0mplies opcions de p\u00e0rquing per a cotxes i bicicletes, assegurant que arribar a la nostra bugaderia sigui c\u00f2mode i sense complicacions. Ja sigui que vinguis amb cotxe o amb bicicleta, EL SAFAREIG DEL BARRI est\u00e0 perfectament situat per atendre&#8217;t.  <\/p>\n<p>[\/et_pb_text][\/et_pb_column][\/et_pb_row][et_pb_row use_custom_gutter=&#8221;on&#8221; gutter_width=&#8221;1&#8243; _builder_version=&#8221;4.27.4&#8243; _module_preset=&#8221;default&#8221; global_colors_info=&#8221;{}&#8221;][et_pb_column type=&#8221;4_4&#8243; _builder_version=&#8221;4.27.4&#8243; _module_preset=&#8221;default&#8221; global_colors_info=&#8221;{}&#8221;][et_pb_gallery gallery_ids=&#8221;273,269,265,261,253,249,245,277&#8243; gallery_orderby=&#8221;rand&#8221; posts_number=&#8221;8&#8243; show_title_and_caption=&#8221;off&#8221; show_pagination=&#8221;off&#8221; zoom_icon_color=&#8221;RGBA(255,255,255,0)&#8221; _builder_version=&#8221;4.27.4&#8243; _module_preset=&#8221;default&#8221; hover_enabled=&#8221;0&#8243; border_width_all=&#8221;3px&#8221; border_color_all=&#8221;#FFFFFF&#8221; global_colors_info=&#8221;{}&#8221; hover_overlay_color=&#8221;RGBA(255,255,255,0)&#8221; sticky_enabled=&#8221;0&#8243;][\/et_pb_gallery][\/et_pb_column][\/et_pb_row][et_pb_row column_structure=&#8221;1_4,1_4,1_4,1_4&#8243; make_equal=&#8221;on&#8221; _builder_version=&#8221;4.27.4&#8243; _module_preset=&#8221;default&#8221; global_colors_info=&#8221;{}&#8221;][et_pb_column type=&#8221;1_4&#8243; _builder_version=&#8221;4.27.4&#8243; _module_preset=&#8221;default&#8221; global_colors_info=&#8221;{}&#8221;][et_pb_text _builder_version=&#8221;4.27.4&#8243; _module_preset=&#8221;default&#8221; text_font_size=&#8221;15px&#8221; global_colors_info=&#8221;{}&#8221;]<\/p>\n<p style=\"text-align: left;\"><strong>Cuidem el teu temps i la teva butxaca<\/strong><\/p>\n<p style=\"text-align: left;\">El nostre servei est\u00e0 dissenyat per optimitzar el teu temps i pressupost. Amb programes de rentat de 30 minuts i assecat de 15 a 30 minuts, pots completar la teva bugada r\u00e0pidament. A m\u00e9s, tot est\u00e0 incl\u00f2s: detergent i suavitzant per nom\u00e9s 8\u20ac. En utilitzar els nostres serveis, tamb\u00e9 contribueixes a reduir el consum de recursos com aigua, gas i electricitat, a m\u00e9s de minimitzar el manteniment de rentadores i assecadores a casa.   <\/p>\n<p>[\/et_pb_text][\/et_pb_column][et_pb_column type=&#8221;1_4&#8243; _builder_version=&#8221;4.27.4&#8243; _module_preset=&#8221;default&#8221; global_colors_info=&#8221;{}&#8221;][et_pb_text _builder_version=&#8221;4.27.4&#8243; _module_preset=&#8221;default&#8221; text_font_size=&#8221;15px&#8221; global_colors_info=&#8221;{}&#8221;]<\/p>\n<p><strong>Serveis especials per a les teves necessitats<\/strong><\/p>\n<p>Al SAFAREIG DEL BARRI, entenem que no totes les peces s\u00f3n iguals. Per aix\u00f2, oferim serveis especialitzats per a peces voluminoses i delicades, com edredons, cortines, peluixos grans, n\u00f2rdics i fundes de sof\u00e0s. El nostre objectiu \u00e9s proporcionar solucions pr\u00e0ctiques i eficients per a totes les teves necessitats de bugaderia.  <\/p>\n<p>[\/et_pb_text][\/et_pb_column][et_pb_column type=&#8221;1_4&#8243; _builder_version=&#8221;4.27.4&#8243; _module_preset=&#8221;default&#8221; global_colors_info=&#8221;{}&#8221;][et_pb_text _builder_version=&#8221;4.27.4&#8243; _module_preset=&#8221;default&#8221; text_font_size=&#8221;15px&#8221; global_colors_info=&#8221;{}&#8221;]<\/p>\n<p data-pm-slice=\"1 1 []\"><strong>Fem la bugada per tu<\/strong><\/p>\n<p>Encarrega el teu servei personalitzat de bugaderia i et fem la bugada per a tu, ens encarregarem de recollir la roba, rentar-la, assecar-la, planxar-la i lliurar-la directament a casa o al local.<\/p>\n<p>Tamb\u00e9 oferim serveis especialitzats per a professionals. Expliqui&#8217;ns les teves necessitats, i t&#8217;oferirem una soluci\u00f3 personalitzada que s&#8217;ajusti perfectament al que requereixes.<\/p>\n<p>[\/et_pb_text][\/et_pb_column][et_pb_column type=&#8221;1_4&#8243; _builder_version=&#8221;4.27.4&#8243; _module_preset=&#8221;default&#8221; global_colors_info=&#8221;{}&#8221;][et_pb_text _builder_version=&#8221;4.27.4&#8243; _module_preset=&#8221;default&#8221; text_font_size=&#8221;15px&#8221; global_colors_info=&#8221;{}&#8221;]<\/p>\n<p style=\"text-align: left;\"><strong>Uneix-te a la nostra comunitat<\/strong><\/p>\n<p style=\"text-align: left;\">Al SAFAREIG DEL BARRI, no nom\u00e9s oferim serveis de bugaderia, sin\u00f3 que tamb\u00e9 fomentem una comunitat on els nostres clients se sentin part d&#8217;un espai innovador i acollidor. Et convidem a visitar-nos i descobrir per qu\u00e8 som la millor opci\u00f3 de bugaderia autoservei a Barcelona. <\/p>\n<p>[\/et_pb_text][\/et_pb_column][\/et_pb_row][\/et_pb_section][et_pb_section fb_built=&#8221;1&#8243; custom_padding_last_edited=&#8221;on|tablet&#8221; _builder_version=&#8221;4.27.4&#8243; _module_preset=&#8221;default&#8221; background_color=&#8221;gcid-90bae19c-80f1-4656-ba41-6b442c9cdac7&#8243; custom_padding_tablet=&#8221;0px||0px||true|false&#8221; custom_padding_phone=&#8221;0px||0px||true|false&#8221; global_colors_info=&#8221;{%22gcid-90bae19c-80f1-4656-ba41-6b442c9cdac7%22:%91%22background_color%22%93}&#8221;][et_pb_row _builder_version=&#8221;4.27.4&#8243; _module_preset=&#8221;default&#8221; global_colors_info=&#8221;{}&#8221;][et_pb_column type=&#8221;4_4&#8243; _builder_version=&#8221;4.27.4&#8243; _module_preset=&#8221;default&#8221; global_colors_info=&#8221;{}&#8221;][et_pb_text _builder_version=&#8221;4.27.4&#8243; _module_preset=&#8221;3ad78650-25a1-4e74-848d-ee52e9c6756b&#8221; global_colors_info=&#8221;{}&#8221;]<\/p>\n<p style=\"text-align: center;\">Estalvia amb la targeta client<\/p>\n<p>[\/et_pb_text][et_pb_image src=&#8221;http:\/\/elsafareigdelbarri.com\/wp-content\/uploads\/2024\/11\/separador_piezas.png&#8221; title_text=&#8221;separador_peces&#8221; _builder_version=&#8221;4.27.4&#8243; _module_preset=&#8221;1cb4c4e5-d9af-4175-b69d-029e4fee6e16&#8243; global_colors_info=&#8221;{}&#8221;][\/et_pb_image][\/et_pb_column][\/et_pb_row][et_pb_row column_structure=&#8221;1_2,1_2&#8243; _builder_version=&#8221;4.27.4&#8243; _module_preset=&#8221;default&#8221; global_colors_info=&#8221;{}&#8221;][et_pb_column type=&#8221;1_2&#8243; _builder_version=&#8221;4.27.4&#8243; _module_preset=&#8221;default&#8221; global_colors_info=&#8221;{}&#8221;][et_pb_image src=&#8221;http:\/\/elsafareigdelbarri.com\/wp-content\/uploads\/2024\/11\/tarjeta_grande_azul_elsafareigdelbarri.png&#8221; title_text=&#8221;tarjeta_gran_blau_elsafareigdelbarri&#8221; align=&#8221;center&#8221; _builder_version=&#8221;4.27.4&#8243; _module_preset=&#8221;default&#8221; animation_style=&#8221;fold&#8221; animation_duration=&#8221;1500ms&#8221; global_colors_info=&#8221;{}&#8221;][\/et_pb_image][\/et_pb_column][et_pb_column type=&#8221;1_2&#8243; _builder_version=&#8221;4.27.4&#8243; _module_preset=&#8221;default&#8221; global_colors_info=&#8221;{}&#8221;][et_pb_text _builder_version=&#8221;4.27.4&#8243; _module_preset=&#8221;default&#8221; text_font_size=&#8221;15px&#8221; global_colors_info=&#8221;{}&#8221;]Amb la targeta client d&#8217;EL SAFAREIG DEL BARRI obtindr\u00e0s un 10% de descompte sobre els preus indicats a les rentadores i un 5% de descompte sobre el preu de les assecadores.<\/p>\n<p>La podr\u00e0s aconseguir a la CENTRAL DE PAGAMENT seguint aquests passos:<\/p>\n<ul class=\"custom-list\">\n<li class=\"custom-list-content\"><i class=\"font-icon \"><\/i><span class=\"custom-list-content-inner\">1. Seleccionar l&#8217;opci\u00f3 &#8220;COMPRAR TARGETA&#8221;<\/span><\/li>\n<li class=\"custom-list-content\"><i class=\"font-icon \"><\/i><span class=\"custom-list-content-inner\">2. Efectuar el pagament de 20\u20ac.<\/span><\/li>\n<li class=\"custom-list-content\"><i class=\"font-icon \"><\/i><span class=\"custom-list-content-inner\">3. Recull la targeta EL SAFAREIG DEL BARRI.<\/span><\/li>\n<\/ul>\n<p>La targeta EL SAFAREIG DEL BARRI \u00e9s recarregable i no caduca<\/p>\n<p>Et permetr\u00e0 accedir a ofertes i promocions \u00fanicament v\u00e0lides amb la targeta.[\/et_pb_text][\/et_pb_column][\/et_pb_row][\/et_pb_section][et_pb_section fb_built=&#8221;1&#8243; custom_padding_last_edited=&#8221;on|tablet&#8221; _builder_version=&#8221;4.27.4&#8243; _module_preset=&#8221;default&#8221; custom_padding_tablet=&#8221;0px||0px||true|false&#8221; custom_padding_phone=&#8221;0px||0px||true|false&#8221; global_colors_info=&#8221;{}&#8221;][et_pb_row _builder_version=&#8221;4.27.4&#8243; _module_preset=&#8221;default&#8221; global_colors_info=&#8221;{}&#8221;][et_pb_column type=&#8221;4_4&#8243; _builder_version=&#8221;4.27.4&#8243; _module_preset=&#8221;default&#8221; global_colors_info=&#8221;{}&#8221;][et_pb_text _builder_version=&#8221;4.27.4&#8243; _module_preset=&#8221;3ad78650-25a1-4e74-848d-ee52e9c6756b&#8221; global_colors_info=&#8221;{}&#8221;]<\/p>\n<p style=\"text-align: center;\">Atenci\u00f3 personal a la teva disposici\u00f3<\/p>\n<p>[\/et_pb_text][et_pb_image src=&#8221;http:\/\/elsafareigdelbarri.com\/wp-content\/uploads\/2024\/11\/separador_piezas.png&#8221; title_text=&#8221;separador_peces&#8221; _builder_version=&#8221;4.27.4&#8243; _module_preset=&#8221;1cb4c4e5-d9af-4175-b69d-029e4fee6e16&#8243; global_colors_info=&#8221;{}&#8221;][\/et_pb_image][et_pb_text _builder_version=&#8221;4.27.4&#8243; _module_preset=&#8221;e23be3c8-65f2-4ef2-9320-da9577b39b7e&#8221; global_colors_info=&#8221;{}&#8221;]<\/p>\n<p>El nostre equip est\u00e0 a la teva disposici\u00f3 cada dia de la setmana, de 8:00 h a 22:00 h. Contacta&#8217;ns per tel\u00e8fon al <strong>690 011 504<\/strong>, via WhatsApp o fes servir el formulari de contacte a la nostra p\u00e0gina web. <\/p>\n<p>[\/et_pb_text][\/et_pb_column][\/et_pb_row][\/et_pb_section]<\/p>\n","protected":false},"excerpt":{"rendered":"<p>Coneix-nosRoba neta, servei r\u00e0pid, preus justosLa nostra traject\u00f2ria i filosofiaEL SAFAREIG DEL BARRI s&#8217;ha consolidat com una bugaderia autoservei de refer\u00e8ncia a Barcelona des de la seva obertura el 2015. Ubicats a Carrer d&#8217;Arag\u00f3, 104, l&#8217;Eixample, oferim una experi\u00e8ncia \u00fanica que combina efici\u00e8ncia, comoditat i un ambient acollidor, redefinint el concepte tradicional de bugaderia. Un [&hellip;]<\/p>\n","protected":false},"author":1,"featured_media":0,"parent":0,"menu_order":0,"comment_status":"closed","ping_status":"closed","template":"","meta":{"_et_pb_use_builder":"on","_et_pb_old_content":"","_et_gb_content_width":"","footnotes":""},"class_list":["post-744","page","type-page","status-publish","hentry"],"_links":{"self":[{"href":"https:\/\/elsafareigdelbarri.com\/ca\/wp-json\/wp\/v2\/pages\/744","targetHints":{"allow":["GET"]}}],"collection":[{"href":"https:\/\/elsafareigdelbarri.com\/ca\/wp-json\/wp\/v2\/pages"}],"about":[{"href":"https:\/\/elsafareigdelbarri.com\/ca\/wp-json\/wp\/v2\/types\/page"}],"author":[{"embeddable":true,"href":"https:\/\/elsafareigdelbarri.com\/ca\/wp-json\/wp\/v2\/users\/1"}],"replies":[{"embeddable":true,"href":"https:\/\/elsafareigdelbarri.com\/ca\/wp-json\/wp\/v2\/comments?post=744"}],"version-history":[{"count":8,"href":"https:\/\/elsafareigdelbarri.com\/ca\/wp-json\/wp\/v2\/pages\/744\/revisions"}],"predecessor-version":[{"id":1108,"href":"https:\/\/elsafareigdelbarri.com\/ca\/wp-json\/wp\/v2\/pages\/744\/revisions\/1108"}],"wp:attachment":[{"href":"https:\/\/elsafareigdelbarri.com\/ca\/wp-json\/wp\/v2\/media?parent=744"}],"curies":[{"name":"wp","href":"https:\/\/api.w.org\/{rel}","templated":true}]}}