{"id":446,"date":"2024-12-02T16:34:26","date_gmt":"2024-12-02T15:34:26","guid":{"rendered":"https:\/\/elsafareigdelbarri.new\/servei-al-detall\/"},"modified":"2025-02-14T15:16:40","modified_gmt":"2025-02-14T14:16:40","slug":"servei-al-detall","status":"publish","type":"page","link":"https:\/\/elsafareigdelbarri.com\/ca\/servei-al-detall\/","title":{"rendered":"Servei al detall"},"content":{"rendered":"<p>[et_pb_section fb_built=&#8221;1&#8243; fullwidth=&#8221;on&#8221; _builder_version=&#8221;4.27.4&#8243; _module_preset=&#8221;default&#8221; max_height_tablet=&#8221;&#8221; max_height_phone=&#8221;&#8221; max_height_last_edited=&#8221;on|desktop&#8221; global_colors_info=&#8221;{}&#8221;][et_pb_fullwidth_image src=&#8221;http:\/\/elsafareigdelbarri.com\/wp-content\/uploads\/2025\/02\/header-servei-detall-400.png&#8221; title_text=&#8221;header-servei-detall-400&#8243; _builder_version=&#8221;4.27.4&#8243; _module_preset=&#8221;default&#8221; max_height=&#8221;520px&#8221; max_height_tablet=&#8221;520px&#8221; max_height_phone=&#8221;520px&#8221; max_height_last_edited=&#8221;on|desktop&#8221; global_colors_info=&#8221;{}&#8221;][\/et_pb_fullwidth_image][\/et_pb_section][et_pb_section fb_built=&#8221;1&#8243; custom_padding_last_edited=&#8221;on|tablet&#8221; _builder_version=&#8221;4.27.4&#8243; _module_preset=&#8221;default&#8221; custom_padding=&#8221;||||true&#8221; custom_padding_tablet=&#8221;0px||0px||true|false&#8221; custom_padding_phone=&#8221;0px||0px||true|false&#8221; global_colors_info=&#8221;{}&#8221;][et_pb_row _builder_version=&#8221;4.27.4&#8243; _module_preset=&#8221;default&#8221; global_colors_info=&#8221;{}&#8221;][et_pb_column type=&#8221;4_4&#8243; _builder_version=&#8221;4.27.4&#8243; _module_preset=&#8221;default&#8221; global_colors_info=&#8221;{}&#8221;][et_pb_text content_tablet=&#8221;<\/p>\n<p>Fem la bugada per tu<\/p>\n<p>&#8221; content_phone=&#8221;<\/p>\n<p>Fem la bugada per tu<\/p>\n<p>&#8221; content_last_edited=&#8221;on|desktop&#8221; _builder_version=&#8221;4.27.4&#8243; _module_preset=&#8221;default&#8221; text_font=&#8221;Poppins|500|||||||&#8221; text_text_color=&#8221;gcid-03c8d5c7-bd9d-46ba-ac11-a23b00cfe1d4&#8243; text_font_size=&#8221;50px&#8221; text_letter_spacing=&#8221;3px&#8221; text_line_height=&#8221;1em&#8221; header_font=&#8221;Poppins||||||||&#8221; header_font_size=&#8221;70px&#8221; text_orientation=&#8221;center&#8221; text_font_tablet=&#8221;Poppins|500|||||||&#8221; text_font_phone=&#8221;Poppins|500|||||||&#8221; text_font_last_edited=&#8221;on|phone&#8221; text_text_color_tablet=&#8221;gcid-03c8d5c7-bd9d-46ba-ac11-a23b00cfe1d4&#8243; text_text_color_phone=&#8221;gcid-03c8d5c7-bd9d-46ba-ac11-a23b00cfe1d4&#8243; text_text_color_last_edited=&#8221;on|phone&#8221; text_font_size_tablet=&#8221;35px&#8221; text_font_size_phone=&#8221;30px&#8221; text_font_size_last_edited=&#8221;on|phone&#8221; header_font_size_tablet=&#8221;70px&#8221; header_font_size_phone=&#8221;40px&#8221; header_font_size_last_edited=&#8221;on|phone&#8221; global_colors_info=&#8221;{%22gcid-03c8d5c7-bd9d-46ba-ac11-a23b00cfe1d4%22:%91%22text_text_color%22,%22text_text_color_tablet%22,%22text_text_color_phone%22%93}&#8221;]<\/p>\n<p>Fem la bugada per tu<\/p>\n<p>[\/et_pb_text][et_pb_text _builder_version=&#8221;4.27.4&#8243; _module_preset=&#8221;59936e0d-014a-47d5-941c-49a138b22788&#8243; global_colors_info=&#8221;{}&#8221;]<\/p>\n<p><span>Encarrega el teu servei personalitzat de bugaderia i et fem la bugada per a tu, ens<\/span><br \/><span>encarregarem de recollir la roba, rentar-la, assecar-la, planxar-la i lliurar-la directament<\/span><br \/><span>a casa o al local.<\/span><\/p>\n<p>[\/et_pb_text][\/et_pb_column][\/et_pb_row][\/et_pb_section][et_pb_section fb_built=&#8221;1&#8243; custom_padding_last_edited=&#8221;on|tablet&#8221; _builder_version=&#8221;4.27.4&#8243; _module_preset=&#8221;944b100d-7c47-4242-a1c4-181bd98d8ec0&#8243; background_color=&#8221;gcid-90bae19c-80f1-4656-ba41-6b442c9cdac7&#8243; custom_padding_tablet=&#8221;&#8221; custom_padding_phone=&#8221;&#8221; global_colors_info=&#8221;{%22gcid-90bae19c-80f1-4656-ba41-6b442c9cdac7%22:%91%22background_color%22%93}&#8221;][et_pb_row _builder_version=&#8221;4.27.4&#8243; _module_preset=&#8221;default&#8221; global_colors_info=&#8221;{}&#8221;][et_pb_column type=&#8221;4_4&#8243; _builder_version=&#8221;4.27.4&#8243; _module_preset=&#8221;default&#8221; global_colors_info=&#8221;{}&#8221;][et_pb_image src=&#8221;http:\/\/elsafareigdelbarri.com\/wp-content\/uploads\/2024\/11\/cesta-secadora.png&#8221; title_text=&#8221;cesta-secadora&#8221; align=&#8221;center&#8221; _builder_version=&#8221;4.27.4&#8243; _module_preset=&#8221;default&#8221; animation_style=&#8221;fold&#8221; animation_duration=&#8221;1500ms&#8221; global_colors_info=&#8221;{}&#8221;][\/et_pb_image][et_pb_text _builder_version=&#8221;4.27.4&#8243; _module_preset=&#8221;10105986-dc81-470c-b700-e0f3f74bff1b&#8221; text_font=&#8221;|600|||||||&#8221; header_font_size_tablet=&#8221;&#8221; header_font_size_phone=&#8221;30px&#8221; header_font_size_last_edited=&#8221;on|phone&#8221; global_colors_info=&#8221;{}&#8221;]<\/p>\n<p>Rentada i planxat per quilos<\/p>\n<p>[\/et_pb_text][et_pb_image src=&#8221;http:\/\/elsafareigdelbarri.com\/wp-content\/uploads\/2024\/11\/separador_piezas.png&#8221; title_text=&#8221;separador_peces&#8221; _builder_version=&#8221;4.27.4&#8243; _module_preset=&#8221;1cb4c4e5-d9af-4175-b69d-029e4fee6e16&#8243; global_colors_info=&#8221;{}&#8221;][\/et_pb_image][et_pb_text _builder_version=&#8221;4.27.4&#8243; _module_preset=&#8221;59936e0d-014a-47d5-941c-49a138b22788&#8243; global_colors_info=&#8221;{}&#8221;]<\/p>\n<p><strong>Cansat de fer la bugada? A \u201cEl Safareig del Barri t&#8217;ho<span> <\/span><\/strong><strong>posem f\u00e0cil!<\/strong><\/p>\n<p>Amb aquest servei oblida&#8217;t de fer la bugada i estalvia temps. Ens encarreguem de rentar, assecar i<br \/>planxar la teva roba i la lliurem directament a domicili o la pots recollir al local.<\/p>\n<p>[\/et_pb_text][\/et_pb_column][\/et_pb_row][et_pb_row column_structure=&#8221;1_4,1_4,1_4,1_4&#8243; _builder_version=&#8221;4.27.4&#8243; _module_preset=&#8221;default&#8221; global_colors_info=&#8221;{}&#8221;][et_pb_column type=&#8221;1_4&#8243; _builder_version=&#8221;4.27.4&#8243; _module_preset=&#8221;default&#8221; global_colors_info=&#8221;{}&#8221;][et_pb_pricing_tables _builder_version=&#8221;4.27.4&#8243; _module_preset=&#8221;default&#8221; global_colors_info=&#8221;{}&#8221;][et_pb_pricing_table title=&#8221;BOSSA DE 5KG&#8221; currency=&#8221;\u20ac&#8221; sum=&#8221;15&#8243; bullet_color=&#8221;#5a83ab&#8221; header_background_color=&#8221;#5a83ab&#8221; _builder_version=&#8221;4.27.4&#8243; _module_preset=&#8221;default&#8221; price_text_color=&#8221;#5a83ab&#8221; price_font=&#8221;||||||||&#8221; border_radii=&#8221;on|15px|15px|15px|15px&#8221; box_shadow_style=&#8221;preset1&#8243; global_colors_info=&#8221;{}&#8221; transform_styles__hover_enabled=&#8221;on|hover&#8221; transform_scale__hover_enabled=&#8221;on|hover&#8221; transform_translate__hover_enabled=&#8221;on|desktop&#8221; transform_rotate__hover_enabled=&#8221;on|desktop&#8221; transform_skew__hover_enabled=&#8221;on|desktop&#8221; transform_origin__hover_enabled=&#8221;on|desktop&#8221; transform_scale__hover=&#8221;110%|110%&#8221; sticky_transition=&#8221;on&#8221;]<\/p>\n<p>Rentat<\/p>\n<p>Assecat<\/p>\n<p>Planxat<\/p>\n<p>[\/et_pb_pricing_table][\/et_pb_pricing_tables][\/et_pb_column][et_pb_column type=&#8221;1_4&#8243; _builder_version=&#8221;4.27.4&#8243; _module_preset=&#8221;default&#8221; global_colors_info=&#8221;{}&#8221;][et_pb_pricing_tables _builder_version=&#8221;4.27.4&#8243; _module_preset=&#8221;default&#8221; global_colors_info=&#8221;{}&#8221;][et_pb_pricing_table title=&#8221;BOSSA DE 10KG&#8221; currency=&#8221;\u20ac&#8221; sum=&#8221;28&#8243; bullet_color=&#8221;#5a83ab&#8221; header_background_color=&#8221;#5a83ab&#8221; _builder_version=&#8221;4.27.4&#8243; _module_preset=&#8221;default&#8221; price_text_color=&#8221;#5a83ab&#8221; price_font=&#8221;||||||||&#8221; border_radii=&#8221;on|15px|15px|15px|15px&#8221; box_shadow_style=&#8221;preset1&#8243; global_colors_info=&#8221;{}&#8221; transform_styles__hover_enabled=&#8221;on|hover&#8221; transform_scale__hover_enabled=&#8221;on|hover&#8221; transform_translate__hover_enabled=&#8221;on|desktop&#8221; transform_rotate__hover_enabled=&#8221;on|desktop&#8221; transform_skew__hover_enabled=&#8221;on|desktop&#8221; transform_origin__hover_enabled=&#8221;on|desktop&#8221; transform_scale__hover=&#8221;110%|110%&#8221; sticky_transition=&#8221;on&#8221;]<\/p>\n<p>Rentat<\/p>\n<p>Assecat<\/p>\n<p>Planxat<\/p>\n<p>[\/et_pb_pricing_table][\/et_pb_pricing_tables][\/et_pb_column][et_pb_column type=&#8221;1_4&#8243; _builder_version=&#8221;4.27.4&#8243; _module_preset=&#8221;default&#8221; global_colors_info=&#8221;{}&#8221;][et_pb_pricing_tables _builder_version=&#8221;4.27.4&#8243; _module_preset=&#8221;default&#8221; global_colors_info=&#8221;{}&#8221;][et_pb_pricing_table title=&#8221;BOSSA DE 15KG&#8221; currency=&#8221;\u20ac&#8221; sum=&#8221;40&#8243; bullet_color=&#8221;#5a83ab&#8221; header_background_color=&#8221;#5a83ab&#8221; _builder_version=&#8221;4.27.4&#8243; _module_preset=&#8221;default&#8221; price_text_color=&#8221;#5a83ab&#8221; price_font=&#8221;||||||||&#8221; border_radii=&#8221;on|15px|15px|15px|15px&#8221; box_shadow_style=&#8221;preset1&#8243; global_colors_info=&#8221;{}&#8221; transform_styles__hover_enabled=&#8221;on|hover&#8221; transform_scale__hover_enabled=&#8221;on|hover&#8221; transform_translate__hover_enabled=&#8221;on|desktop&#8221; transform_rotate__hover_enabled=&#8221;on|desktop&#8221; transform_skew__hover_enabled=&#8221;on|desktop&#8221; transform_origin__hover_enabled=&#8221;on|desktop&#8221; transform_scale__hover=&#8221;110%|110%&#8221; sticky_transition=&#8221;on&#8221;]<\/p>\n<p>Rentat<\/p>\n<p>Assecat<\/p>\n<p>Planxat<\/p>\n<p>[\/et_pb_pricing_table][\/et_pb_pricing_tables][\/et_pb_column][et_pb_column type=&#8221;1_4&#8243; _builder_version=&#8221;4.27.4&#8243; _module_preset=&#8221;default&#8221; global_colors_info=&#8221;{}&#8221;][et_pb_pricing_tables _builder_version=&#8221;4.27.4&#8243; _module_preset=&#8221;default&#8221; global_colors_info=&#8221;{}&#8221;][et_pb_pricing_table title=&#8221;BOSSA DE 20KG&#8221; currency=&#8221;\u20ac&#8221; sum=&#8221;50&#8243; bullet_color=&#8221;#5a83ab&#8221; header_background_color=&#8221;#5a83ab&#8221; _builder_version=&#8221;4.27.4&#8243; _module_preset=&#8221;default&#8221; price_text_color=&#8221;#5a83ab&#8221; price_font=&#8221;||||||||&#8221; border_radii=&#8221;on|15px|15px|15px|15px&#8221; box_shadow_style=&#8221;preset1&#8243; global_colors_info=&#8221;{}&#8221; transform_styles__hover_enabled=&#8221;on|hover&#8221; transform_scale__hover_enabled=&#8221;on|hover&#8221; transform_translate__hover_enabled=&#8221;on|desktop&#8221; transform_rotate__hover_enabled=&#8221;on|desktop&#8221; transform_skew__hover_enabled=&#8221;on|desktop&#8221; transform_origin__hover_enabled=&#8221;on|desktop&#8221; transform_scale__hover=&#8221;110%|110%&#8221; sticky_transition=&#8221;on&#8221;]<\/p>\n<p>Rentat<\/p>\n<p>Assecat<\/p>\n<p>Planxat<\/p>\n<p>[\/et_pb_pricing_table][\/et_pb_pricing_tables][\/et_pb_column][\/et_pb_row][et_pb_row custom_padding_last_edited=&#8221;on|tablet&#8221; _builder_version=&#8221;4.27.4&#8243; _module_preset=&#8221;default&#8221; custom_padding_tablet=&#8221;0px||||false|false&#8221; custom_padding_phone=&#8221;0px||||false|false&#8221; global_colors_info=&#8221;{}&#8221;][et_pb_column type=&#8221;4_4&#8243; _builder_version=&#8221;4.27.4&#8243; _module_preset=&#8221;default&#8221; global_colors_info=&#8221;{}&#8221;][et_pb_text _builder_version=&#8221;4.27.4&#8243; _module_preset=&#8221;default&#8221; text_font_size_tablet=&#8221;13px&#8221; text_font_size_phone=&#8221;12px&#8221; text_font_size_last_edited=&#8221;on|tablet&#8221; global_colors_info=&#8221;{}&#8221;]<\/p>\n<p>El servei de lliurament a domicili t\u00e9 un cost addicional de 10\u20ac<\/p>\n<p>[\/et_pb_text][\/et_pb_column][\/et_pb_row][\/et_pb_section][et_pb_section fb_built=&#8221;1&#8243; custom_padding_last_edited=&#8221;on|tablet&#8221; _builder_version=&#8221;4.27.4&#8243; _module_preset=&#8221;default&#8221; custom_padding_tablet=&#8221;0px||0px||true|false&#8221; custom_padding_phone=&#8221;0px||0px||true|false&#8221; global_colors_info=&#8221;{}&#8221;][et_pb_row _builder_version=&#8221;4.27.4&#8243; _module_preset=&#8221;default&#8221; global_colors_info=&#8221;{}&#8221;][et_pb_column type=&#8221;4_4&#8243; _builder_version=&#8221;4.27.4&#8243; _module_preset=&#8221;default&#8221; global_colors_info=&#8221;{}&#8221;][et_pb_image src=&#8221;http:\/\/elsafareigdelbarri.com\/wp-content\/uploads\/2024\/11\/lavadora_p.png&#8221; title_text=&#8221;lavadora_p&#8221; align=&#8221;center&#8221; _builder_version=&#8221;4.27.4&#8243; _module_preset=&#8221;default&#8221; animation_style=&#8221;fold&#8221; animation_duration=&#8221;1500ms&#8221; global_colors_info=&#8221;{}&#8221;][\/et_pb_image][et_pb_text _builder_version=&#8221;4.27.4&#8243; _module_preset=&#8221;10105986-dc81-470c-b700-e0f3f74bff1b&#8221; text_font=&#8221;|600|||||||&#8221; global_colors_info=&#8221;{}&#8221;]<\/p>\n<p>Rentada i planxat per peces<\/p>\n<p>[\/et_pb_text][et_pb_image src=&#8221;http:\/\/elsafareigdelbarri.com\/wp-content\/uploads\/2024\/11\/separador_piezas.png&#8221; title_text=&#8221;separador_peces&#8221; _builder_version=&#8221;4.27.4&#8243; _module_preset=&#8221;1cb4c4e5-d9af-4175-b69d-029e4fee6e16&#8243; global_colors_info=&#8221;{}&#8221;][\/et_pb_image][et_pb_text _builder_version=&#8221;4.27.4&#8243; _module_preset=&#8221;59936e0d-014a-47d5-941c-49a138b22788&#8243; global_colors_info=&#8221;{}&#8221;]<\/p>\n<p><span>Escull aquelles peces que no vulguis rentar i al Safareig del Barri ho fem per tu, un cop llestes les pots passar a recollir o te les lliurem directament a casa.<\/span><\/p>\n<p>[\/et_pb_text][et_pb_image src=&#8221;http:\/\/elsafareigdelbarri.com\/wp-content\/uploads\/2024\/11\/precio-piezas.png&#8221; title_text=&#8221;precio-piezas&#8221; align=&#8221;center&#8221; _builder_version=&#8221;4.27.4&#8243; _module_preset=&#8221;default&#8221; global_colors_info=&#8221;{}&#8221;][\/et_pb_image][\/et_pb_column][\/et_pb_row][\/et_pb_section][et_pb_section fb_built=&#8221;1&#8243; custom_padding_last_edited=&#8221;on|tablet&#8221; _builder_version=&#8221;4.27.4&#8243; _module_preset=&#8221;default&#8221; background_color=&#8221;gcid-90bae19c-80f1-4656-ba41-6b442c9cdac7&#8243; custom_padding_tablet=&#8221;0px||0px||true|false&#8221; custom_padding_phone=&#8221;0px||0px||true|false&#8221; global_colors_info=&#8221;{%22gcid-90bae19c-80f1-4656-ba41-6b442c9cdac7%22:%91%22background_color%22%93}&#8221;][et_pb_row _builder_version=&#8221;4.27.4&#8243; _module_preset=&#8221;default&#8221; global_colors_info=&#8221;{}&#8221;][et_pb_column type=&#8221;4_4&#8243; _builder_version=&#8221;4.27.4&#8243; _module_preset=&#8221;default&#8221; global_colors_info=&#8221;{}&#8221;][et_pb_image src=&#8221;http:\/\/elsafareigdelbarri.com\/wp-content\/uploads\/2024\/11\/cesta-profesional.png&#8221; title_text=&#8221;cesta-profesional&#8221; align=&#8221;center&#8221; _builder_version=&#8221;4.27.4&#8243; _module_preset=&#8221;default&#8221; animation_style=&#8221;fold&#8221; animation_duration=&#8221;1500ms&#8221; global_colors_info=&#8221;{}&#8221;][\/et_pb_image][et_pb_text _builder_version=&#8221;4.27.4&#8243; _module_preset=&#8221;10105986-dc81-470c-b700-e0f3f74bff1b&#8221; text_font=&#8221;|600|||||||&#8221; text_font_size_phone=&#8221;28px&#8221; global_colors_info=&#8221;{}&#8221;]<\/p>\n<p>Professionals<\/p>\n<p>[\/et_pb_text][et_pb_image src=&#8221;http:\/\/elsafareigdelbarri.com\/wp-content\/uploads\/2024\/11\/separador_piezas.png&#8221; title_text=&#8221;separador_peces&#8221; _builder_version=&#8221;4.27.4&#8243; _module_preset=&#8221;1cb4c4e5-d9af-4175-b69d-029e4fee6e16&#8243; global_colors_info=&#8221;{}&#8221;][\/et_pb_image][et_pb_text _builder_version=&#8221;4.27.4&#8243; _module_preset=&#8221;59936e0d-014a-47d5-941c-49a138b22788&#8243; global_colors_info=&#8221;{}&#8221;]<\/p>\n<p><strong>Al Safareig del Barri cuidem la teva bugada, tu enfoca&#8217;t a fer cr\u00e9ixer el teu negoci<\/strong><\/p>\n<p>Tamb\u00e9 oferim serveis especialitzats per a professionals. Posa&#8217;t en contacte amb nosaltres per tel\u00e8fon al <strong>690 011 504<\/strong>, via WhatsApp o utilitza el formulari de contacte a la nostra p\u00e0gina web, explica&#8217;ns les teves necessitats i t&#8217;oferirem una soluci\u00f3 personalitzada que s&#8217;ajusti perfectament al que requereixes<\/p>\n<p>[\/et_pb_text][\/et_pb_column][\/et_pb_row][\/et_pb_section][et_pb_section fb_built=&#8221;1&#8243; custom_padding_last_edited=&#8221;on|desktop&#8221; _builder_version=&#8221;4.27.4&#8243; _module_preset=&#8221;default&#8221; custom_padding=&#8221;||||false|false&#8221; custom_padding_tablet=&#8221;0px||0px||true|false&#8221; custom_padding_phone=&#8221;0px||0px||true|false&#8221; hover_enabled=&#8221;0&#8243; global_colors_info=&#8221;{}&#8221; sticky_enabled=&#8221;0&#8243;][et_pb_row _builder_version=&#8221;4.27.4&#8243; _module_preset=&#8221;default&#8221; hover_enabled=&#8221;0&#8243; global_colors_info=&#8221;{}&#8221; sticky_enabled=&#8221;0&#8243;][et_pb_column type=&#8221;4_4&#8243; _builder_version=&#8221;4.27.4&#8243; _module_preset=&#8221;default&#8221; global_colors_info=&#8221;{}&#8221;][et_pb_text _builder_version=&#8221;4.27.4&#8243; _module_preset=&#8221;10105986-dc81-470c-b700-e0f3f74bff1b&#8221; text_font=&#8221;|600|||||||&#8221; global_colors_info=&#8221;{}&#8221;]<\/p>\n<p style=\"text-align: center;\">Atenci\u00f3 personal a la teva disposici\u00f3<\/p>\n<p>[\/et_pb_text][et_pb_image src=&#8221;http:\/\/elsafareigdelbarri.com\/wp-content\/uploads\/2024\/11\/separador_piezas.png&#8221; title_text=&#8221;separador_peces&#8221; _builder_version=&#8221;4.27.4&#8243; _module_preset=&#8221;1cb4c4e5-d9af-4175-b69d-029e4fee6e16&#8243; global_colors_info=&#8221;{}&#8221;][\/et_pb_image][et_pb_text _builder_version=&#8221;4.27.4&#8243; _module_preset=&#8221;e23be3c8-65f2-4ef2-9320-da9577b39b7e&#8221; hover_enabled=&#8221;0&#8243; global_colors_info=&#8221;{}&#8221; custom_padding_last_edited=&#8221;on|desktop&#8221; custom_padding=&#8221;||0px||false|false&#8221; sticky_enabled=&#8221;0&#8243; custom_padding_tablet=&#8221;||0px||false|false&#8221; custom_padding_phone=&#8221;||0px||false|false&#8221;]<\/p>\n<p>El nostre equip est\u00e0 a la teva disposici\u00f3 cada dia de la setmana, de 8:00 h a 22:00 h. Contacta&#8217;ns per tel\u00e8fon al <strong>690 011 504<\/strong>, via WhatsApp o fes servir el formulari de contacte a la nostra p\u00e0gina web. <\/p>\n<p>[\/et_pb_text][\/et_pb_column][\/et_pb_row][\/et_pb_section]<\/p>\n","protected":false},"excerpt":{"rendered":"<p>Fem la bugada per tuEncarrega el teu servei personalitzat de bugaderia i et fem la bugada per a tu, ensencarregarem de recollir la roba, rentar-la, assecar-la, planxar-la i lliurar-la directamenta casa o al local.Rentada i planxat per quilosCansat de fer la bugada? A \u201cEl Safareig del Barri t&#8217;ho posem f\u00e0cil! Amb aquest servei oblida&#8217;t de [&hellip;]<\/p>\n","protected":false},"author":1,"featured_media":0,"parent":0,"menu_order":0,"comment_status":"closed","ping_status":"closed","template":"","meta":{"_et_pb_use_builder":"on","_et_pb_old_content":"","_et_gb_content_width":"","footnotes":""},"class_list":["post-446","page","type-page","status-publish","hentry"],"_links":{"self":[{"href":"https:\/\/elsafareigdelbarri.com\/ca\/wp-json\/wp\/v2\/pages\/446","targetHints":{"allow":["GET"]}}],"collection":[{"href":"https:\/\/elsafareigdelbarri.com\/ca\/wp-json\/wp\/v2\/pages"}],"about":[{"href":"https:\/\/elsafareigdelbarri.com\/ca\/wp-json\/wp\/v2\/types\/page"}],"author":[{"embeddable":true,"href":"https:\/\/elsafareigdelbarri.com\/ca\/wp-json\/wp\/v2\/users\/1"}],"replies":[{"embeddable":true,"href":"https:\/\/elsafareigdelbarri.com\/ca\/wp-json\/wp\/v2\/comments?post=446"}],"version-history":[{"count":14,"href":"https:\/\/elsafareigdelbarri.com\/ca\/wp-json\/wp\/v2\/pages\/446\/revisions"}],"predecessor-version":[{"id":1068,"href":"https:\/\/elsafareigdelbarri.com\/ca\/wp-json\/wp\/v2\/pages\/446\/revisions\/1068"}],"wp:attachment":[{"href":"https:\/\/elsafareigdelbarri.com\/ca\/wp-json\/wp\/v2\/media?parent=446"}],"curies":[{"name":"wp","href":"https:\/\/api.w.org\/{rel}","templated":true}]}}