{"id":395,"date":"2024-12-02T16:13:41","date_gmt":"2024-12-02T15:13:41","guid":{"rendered":"https:\/\/elsafareigdelbarri.new\/home\/"},"modified":"2025-02-21T11:15:52","modified_gmt":"2025-02-21T10:15:52","slug":"home","status":"publish","type":"page","link":"https:\/\/elsafareigdelbarri.com\/ca\/","title":{"rendered":"Home"},"content":{"rendered":"<p>[et_pb_section fb_built=&#8221;1&#8243; fullwidth=&#8221;on&#8221; _builder_version=&#8221;4.27.4&#8243; _module_preset=&#8221;default&#8221; global_colors_info=&#8221;{}&#8221;][et_pb_fullwidth_code _builder_version=&#8221;4.27.4&#8243; _module_preset=&#8221;default&#8221; custom_css_free_form=&#8221;video {||  right: 0;||  bottom: 0;||  min-width: 100%;||  min-height: 100%;||  z-index: -1;||}&#8221; global_colors_info=&#8221;{}&#8221;]<video autoplay=\"\" loop=\"\" muted=\"\"><!-- [et_pb_line_break_holder] --><source src=\"http:\/\/elsafareigdelbarri.com\/wp-content\/uploads\/2025\/02\/Video-Home-400.mp4\" type=\"video\/mp4\"><!-- [et_pb_line_break_holder] --><\/source><\/video>[\/et_pb_fullwidth_code][\/et_pb_section][et_pb_section fb_built=&#8221;1&#8243; custom_padding_last_edited=&#8221;on|phone&#8221; _builder_version=&#8221;4.27.4&#8243; _module_preset=&#8221;default&#8221; background_enable_video_mp4=&#8221;off&#8221; custom_padding=&#8221;||||true|false&#8221; custom_padding_tablet=&#8221;0px||0px||true|false&#8221; custom_padding_phone=&#8221;0px||0px||true|false&#8221; global_colors_info=&#8221;{}&#8221;][et_pb_row custom_padding_last_edited=&#8221;on|tablet&#8221; _builder_version=&#8221;4.27.4&#8243; _module_preset=&#8221;default&#8221; custom_padding=&#8221;0px||||false|false&#8221; custom_padding_tablet=&#8221;||0px||false|false&#8221; custom_padding_phone=&#8221;||0px||false|false&#8221; global_colors_info=&#8221;{}&#8221;][et_pb_column type=&#8221;4_4&#8243; _builder_version=&#8221;4.27.4&#8243; _module_preset=&#8221;default&#8221; global_colors_info=&#8221;{}&#8221;][et_pb_text content_tablet=&#8221;<\/p>\n<p>Bugaderia autoservei a Barcelona<\/p>\n<p>&#8221; content_phone=&#8221;<\/p>\n<p>Bugaderia autoservei a Barcelona<\/p>\n<p>&#8221; content_last_edited=&#8221;on|tablet&#8221; _builder_version=&#8221;4.27.4&#8243; _module_preset=&#8221;d00dfaed-f260-4290-8dca-72dddbfb0cfe&#8221; global_colors_info=&#8221;{}&#8221;]<\/p>\n<p>Bugaderia autoservei a Barcelona<\/p>\n<p>[\/et_pb_text][\/et_pb_column][\/et_pb_row][et_pb_row _builder_version=&#8221;4.27.4&#8243; _module_preset=&#8221;default&#8221; global_colors_info=&#8221;{}&#8221;][et_pb_column type=&#8221;4_4&#8243; _builder_version=&#8221;4.27.4&#8243; _module_preset=&#8221;default&#8221; global_colors_info=&#8221;{}&#8221;][et_pb_text content_tablet=&#8221;<\/p>\n<p>Roba neta, servei r\u00e0pid, preus justos<\/p>\n<p>&#8221; content_phone=&#8221;<\/p>\n<p>Roba neta, servei r\u00e0pid, preus justos<\/p>\n<p>&#8221; content_last_edited=&#8221;on|desktop&#8221; _builder_version=&#8221;4.27.4&#8243; _module_preset=&#8221;3ad78650-25a1-4e74-848d-ee52e9c6756b&#8221; global_colors_info=&#8221;{}&#8221;]<\/p>\n<p>Roba neta, servei r\u00e0pid, preus justos<\/p>\n<p>[\/et_pb_text][et_pb_image src=&#8221;http:\/\/elsafareigdelbarri.com\/wp-content\/uploads\/2024\/11\/separador_piezas.png&#8221; title_text=&#8221;separador_peces&#8221; src_tablet=&#8221;http:\/\/elsafareigdelbarri.com\/wp-content\/uploads\/2024\/11\/separador_piezas.png&#8221; src_phone=&#8221;http:\/\/elsafareigdelbarri.com\/wp-content\/uploads\/2024\/11\/separador_piezas.png&#8221; src_last_edited=&#8221;on|desktop&#8221; _builder_version=&#8221;4.27.4&#8243; _module_preset=&#8221;1cb4c4e5-d9af-4175-b69d-029e4fee6e16&#8243; global_colors_info=&#8221;{}&#8221;][\/et_pb_image][\/et_pb_column][\/et_pb_row][\/et_pb_section][et_pb_section fb_built=&#8221;1&#8243; _builder_version=&#8221;4.27.4&#8243; _module_preset=&#8221;944b100d-7c47-4242-a1c4-181bd98d8ec0&#8243; global_colors_info=&#8221;{}&#8221;][et_pb_row custom_padding_last_edited=&#8221;on|phone&#8221; _builder_version=&#8221;4.27.4&#8243; _module_preset=&#8221;default&#8221; custom_padding_tablet=&#8221;||0px||false|false&#8221; custom_padding_phone=&#8221;||0px||false|false&#8221; global_colors_info=&#8221;{}&#8221;][et_pb_column type=&#8221;4_4&#8243; _builder_version=&#8221;4.27.4&#8243; _module_preset=&#8221;default&#8221; global_colors_info=&#8221;{}&#8221;][et_pb_text content_tablet=&#8221;<\/p>\n<p>Roba neta<\/p>\n<p>&#8221; content_phone=&#8221;<\/p>\n<p>Roba neta<\/p>\n<p>&#8221; content_last_edited=&#8221;on|desktop&#8221; _builder_version=&#8221;4.27.4&#8243; _module_preset=&#8221;ede5ab01-2400-4489-91ec-3ec1ff137dfe&#8221; global_colors_info=&#8221;{}&#8221;]<\/p>\n<p>Roba neta<\/p>\n<p>[\/et_pb_text][et_pb_text _builder_version=&#8221;4.27.4&#8243; _module_preset=&#8221;default&#8221; text_font_size=&#8221;15px&#8221; text_orientation=&#8221;center&#8221; global_colors_info=&#8221;{}&#8221;]<\/p>\n<p>Rentant-la amb un detergent monocomponent d&#8217;\u00faltima generaci\u00f3 especial per a processos de rentat professional, baix en perfums i tensioactius, lliure de fosfat, cont\u00e9 subst\u00e0ncies humectants biodegradables que aconsegueixen un alt poder desmanxant.<\/p>\n<p>Formulaci\u00f3 especial amb mat\u00e8ries dorigen natural, m\u00ednim impacte ambiental.<\/p>\n<p>El nostre suavitzant \u00e9s especial perqu\u00e8 est\u00e0 formulat per unes microc\u00e0psules que fan que el perfum sigui m\u00e9s persistent en el temps, proporciona una gran suavitat a la roba i en facilita el planxat. El perfum \u00e9s molt agradable. Disminueix lelectricitat est\u00e0tica. No taca els teixits de color.   <\/p>\n<p>L&#8217;aigua est\u00e0 pretractada per millorar el rentat de la roba.<\/p>\n<p>[\/et_pb_text][\/et_pb_column][\/et_pb_row][et_pb_row custom_padding_last_edited=&#8221;on|phone&#8221; _builder_version=&#8221;4.27.4&#8243; _module_preset=&#8221;default&#8221; custom_padding_tablet=&#8221;||0px||false|false&#8221; custom_padding_phone=&#8221;||0px||false|false&#8221; global_colors_info=&#8221;{}&#8221;][et_pb_column type=&#8221;4_4&#8243; _builder_version=&#8221;4.27.4&#8243; _module_preset=&#8221;default&#8221; global_colors_info=&#8221;{}&#8221;][et_pb_text _builder_version=&#8221;4.27.4&#8243; _module_preset=&#8221;ede5ab01-2400-4489-91ec-3ec1ff137dfe&#8221; global_colors_info=&#8221;{}&#8221;]<\/p>\n<p>Servei r\u00e0pid<\/p>\n<p>[\/et_pb_text][et_pb_text _builder_version=&#8221;4.27.4&#8243; _module_preset=&#8221;59936e0d-014a-47d5-941c-49a138b22788&#8243; global_colors_info=&#8221;{}&#8221;]<\/p>\n<p>En rentar i assecar la roba amb m\u00e0quines d&#8217;\u00faltima generaci\u00f3. La durada dels programes de rentat \u00e9s de 30 minuts i l&#8217;assecatge oscil\u00b7la de 15 a 30 minuts depenent de la quantitat i del teixit de la roba. <\/p>\n<p>En tan sols 45 minuts fas la bugada; rentar i assecar.<\/p>\n<p>[\/et_pb_text][\/et_pb_column][\/et_pb_row][et_pb_row _builder_version=&#8221;4.27.4&#8243; _module_preset=&#8221;default&#8221; global_colors_info=&#8221;{}&#8221;][et_pb_column type=&#8221;4_4&#8243; _builder_version=&#8221;4.27.4&#8243; _module_preset=&#8221;default&#8221; global_colors_info=&#8221;{}&#8221;][et_pb_text _builder_version=&#8221;4.27.4&#8243; _module_preset=&#8221;ede5ab01-2400-4489-91ec-3ec1ff137dfe&#8221; global_colors_info=&#8221;{}&#8221;]<\/p>\n<p style=\"text-align: center;\">Preus justos<\/p>\n<p>[\/et_pb_text][et_pb_text _builder_version=&#8221;4.27.4&#8243; _module_preset=&#8221;default&#8221; text_font_size=&#8221;15px&#8221; text_orientation=&#8221;center&#8221; global_colors_info=&#8221;{}&#8221;]En estar tot incl\u00f2s; sab\u00f3 i suavitzant. Nom\u00e9s has de portar la roba. <\/p>\n<p>Utilitza el nostre servei i estalviar\u00e0s en els subministraments d&#8217;aigua, gas, electricitat i en el manteniment de rentadores i assecadores.[\/et_pb_text][\/et_pb_column][\/et_pb_row][\/et_pb_section][et_pb_section fb_built=&#8221;1&#8243; custom_padding_last_edited=&#8221;on|phone&#8221; _builder_version=&#8221;4.27.4&#8243; _module_preset=&#8221;default&#8221; background_color=&#8221;#FFFFFF&#8221; custom_padding=&#8221;||||true|false&#8221; custom_padding_tablet=&#8221;0px||0px||true|false&#8221; custom_padding_phone=&#8221;0px||0px||true|false&#8221; global_colors_info=&#8221;{}&#8221;][et_pb_row custom_padding_last_edited=&#8221;on|phone&#8221; _builder_version=&#8221;4.27.4&#8243; _module_preset=&#8221;default&#8221; custom_padding_tablet=&#8221;||0px||false|false&#8221; custom_padding_phone=&#8221;||||false|false&#8221; global_colors_info=&#8221;{}&#8221;][et_pb_column type=&#8221;4_4&#8243; _builder_version=&#8221;4.27.4&#8243; _module_preset=&#8221;default&#8221; global_colors_info=&#8221;{}&#8221;][et_pb_text _builder_version=&#8221;4.27.4&#8243; _module_preset=&#8221;3ad78650-25a1-4e74-848d-ee52e9c6756b&#8221; global_colors_info=&#8221;{}&#8221;]<\/p>\n<p style=\"text-align: center;\">Serveis<\/p>\n<p>[\/et_pb_text][et_pb_image src=&#8221;http:\/\/elsafareigdelbarri.com\/wp-content\/uploads\/2024\/11\/separador_piezas.png&#8221; title_text=&#8221;separador_peces&#8221; _builder_version=&#8221;4.27.4&#8243; _module_preset=&#8221;1cb4c4e5-d9af-4175-b69d-029e4fee6e16&#8243; global_colors_info=&#8221;{}&#8221;][\/et_pb_image][\/et_pb_column][\/et_pb_row][et_pb_row custom_padding_last_edited=&#8221;on|phone&#8221; _builder_version=&#8221;4.27.4&#8243; _module_preset=&#8221;default&#8221; custom_padding_tablet=&#8221;||0px||false|false&#8221; custom_padding_phone=&#8221;||0px||false|false&#8221; global_colors_info=&#8221;{}&#8221;][et_pb_column type=&#8221;4_4&#8243; _builder_version=&#8221;4.27.4&#8243; _module_preset=&#8221;default&#8221; global_colors_info=&#8221;{}&#8221;][et_pb_text _builder_version=&#8221;4.27.4&#8243; _module_preset=&#8221;59936e0d-014a-47d5-941c-49a138b22788&#8243; global_colors_info=&#8221;{}&#8221;]<\/p>\n<p>A El safareig del barri, pots optar per l&#8217;autorentat, on rentas i eixugues la roba de manera independent, o triar el nostre servei al detall, on ens encarreguem de tot el proc\u00e9s per a la teva total comoditat.<\/p>\n<p>[\/et_pb_text][\/et_pb_column][\/et_pb_row][et_pb_row column_structure=&#8221;1_2,1_2&#8243; _builder_version=&#8221;4.27.4&#8243; _module_preset=&#8221;default&#8221; global_colors_info=&#8221;{}&#8221;][et_pb_column type=&#8221;1_2&#8243; _builder_version=&#8221;4.27.4&#8243; _module_preset=&#8221;default&#8221; global_colors_info=&#8221;{}&#8221;][et_pb_image src=&#8221;http:\/\/elsafareigdelbarri.com\/wp-content\/uploads\/2025\/02\/laundry.gif&#8221; title_text=&#8221;laundry&#8221; align=&#8221;center&#8221; _builder_version=&#8221;4.27.4&#8243; _module_preset=&#8221;default&#8221; width=&#8221;20%&#8221; width_tablet=&#8221;20%&#8221; width_phone=&#8221;31%&#8221; width_last_edited=&#8221;on|phone&#8221; custom_margin=&#8221;||0px||false|false&#8221; custom_margin_tablet=&#8221;||0px||false|false&#8221; custom_margin_phone=&#8221;||0px||false|false&#8221; custom_margin_last_edited=&#8221;on|desktop&#8221; global_colors_info=&#8221;{}&#8221;][\/et_pb_image][et_pb_text content_tablet=&#8221;<\/p>\n<p>Rentat Autoservei<\/p>\n<p>&#8221; content_phone=&#8221;<\/p>\n<p>Autoservei<\/p>\n<p>&#8221; content_last_edited=&#8221;on|phone&#8221; _builder_version=&#8221;4.27.4&#8243; _module_preset=&#8221;ede5ab01-2400-4489-91ec-3ec1ff137dfe&#8221; custom_css_before=&#8221;-ms-word-break: normal;&#8221; custom_css_main_element=&#8221;word-break: normal;&#8221; global_colors_info=&#8221;{}&#8221; custom_css_before_last_edited=&#8221;on|phone&#8221; custom_css_before_phone=&#8221;-ms-word-break: normal;&#8221; custom_css_main_element_last_edited=&#8221;on|phone&#8221; custom_css_before_tablet=&#8221;-ms-word-break: normal;&#8221; custom_css_main_element_tablet=&#8221;word-break: normal;&#8221; custom_css_main_element_phone=&#8221;word-break: normal;&#8221;]<\/p>\n<p>Rentat autoservei<\/p>\n<p>[\/et_pb_text][et_pb_text _builder_version=&#8221;4.27.4&#8243; _module_preset=&#8221;e23be3c8-65f2-4ef2-9320-da9577b39b7e&#8221; global_colors_info=&#8221;{}&#8221;]<\/p>\n<p>En nom\u00e9s 45 minuts, la teva roba estar\u00e0 neta i seca per nom\u00e9s 8\u20ac. Inclou detergent i suavitzant. Aprofita el nostre pr\u00e0ctic rentat d&#8217;autoservei!  <\/p>\n<p>[\/et_pb_text][\/et_pb_column][et_pb_column type=&#8221;1_2&#8243; _builder_version=&#8221;4.27.4&#8243; _module_preset=&#8221;default&#8221; global_colors_info=&#8221;{}&#8221;][et_pb_image src=&#8221;http:\/\/elsafareigdelbarri.com\/wp-content\/uploads\/2025\/02\/pile-of-towels.gif&#8221; title_text=&#8221;pile-of-towels&#8221; align=&#8221;center&#8221; _builder_version=&#8221;4.27.4&#8243; _module_preset=&#8221;default&#8221; width=&#8221;20%&#8221; width_tablet=&#8221;20%&#8221; width_phone=&#8221;31%&#8221; width_last_edited=&#8221;on|phone&#8221; custom_margin=&#8221;||0px||false|false&#8221; custom_margin_tablet=&#8221;||0px||false|false&#8221; custom_margin_phone=&#8221;||0px||false|false&#8221; custom_margin_last_edited=&#8221;on|desktop&#8221; global_colors_info=&#8221;{}&#8221;][\/et_pb_image][et_pb_text _builder_version=&#8221;4.27.4&#8243; _module_preset=&#8221;ede5ab01-2400-4489-91ec-3ec1ff137dfe&#8221; global_colors_info=&#8221;{}&#8221;]<\/p>\n<p>Servei al detall<\/p>\n<p>[\/et_pb_text][et_pb_text _builder_version=&#8221;4.27.4&#8243; _module_preset=&#8221;e23be3c8-65f2-4ef2-9320-da9577b39b7e&#8221; global_colors_info=&#8221;{}&#8221;]<\/p>\n<p>No tens temps per rentar? Truca&#8217;ns i nosaltres ens encarreguem de tot amb el nostre servei al detall. Gaudeix de roba impecable sense esfor\u00e7.  <\/p>\n<p>[\/et_pb_text][\/et_pb_column][\/et_pb_row][\/et_pb_section][et_pb_section fb_built=&#8221;1&#8243; custom_padding_last_edited=&#8221;on|phone&#8221; _builder_version=&#8221;4.27.4&#8243; _module_preset=&#8221;default&#8221; background_color=&#8221;rgba(78,129,172,0.47)&#8221; custom_padding=&#8221;||||true|false&#8221; custom_padding_tablet=&#8221;0px||0px||true|false&#8221; custom_padding_phone=&#8221;0px||0px||true|false&#8221; global_colors_info=&#8221;{}&#8221;][et_pb_row _builder_version=&#8221;4.27.4&#8243; _module_preset=&#8221;default&#8221; global_colors_info=&#8221;{}&#8221;][et_pb_column type=&#8221;4_4&#8243; _builder_version=&#8221;4.27.4&#8243; _module_preset=&#8221;default&#8221; global_colors_info=&#8221;{}&#8221;][et_pb_text _builder_version=&#8221;4.27.4&#8243; _module_preset=&#8221;3ad78650-25a1-4e74-848d-ee52e9c6756b&#8221; global_colors_info=&#8221;{}&#8221;]<\/p>\n<p style=\"text-align: center;\">Estalvia amb la targeta client<\/p>\n<p>[\/et_pb_text][et_pb_image src=&#8221;http:\/\/elsafareigdelbarri.com\/wp-content\/uploads\/2024\/11\/separador_piezas.png&#8221; title_text=&#8221;separador_peces&#8221; _builder_version=&#8221;4.27.4&#8243; _module_preset=&#8221;1cb4c4e5-d9af-4175-b69d-029e4fee6e16&#8243; global_colors_info=&#8221;{}&#8221;][\/et_pb_image][\/et_pb_column][\/et_pb_row][et_pb_row column_structure=&#8221;1_2,1_2&#8243; _builder_version=&#8221;4.27.4&#8243; _module_preset=&#8221;default&#8221; global_colors_info=&#8221;{}&#8221;][et_pb_column type=&#8221;1_2&#8243; _builder_version=&#8221;4.27.4&#8243; _module_preset=&#8221;default&#8221; global_colors_info=&#8221;{}&#8221;][et_pb_image src=&#8221;http:\/\/elsafareigdelbarri.com\/wp-content\/uploads\/2024\/11\/tarjeta_grande_azul_elsafareigdelbarri.png&#8221; title_text=&#8221;tarjeta_gran_blau_elsafareigdelbarri&#8221; align=&#8221;center&#8221; _builder_version=&#8221;4.27.4&#8243; _module_preset=&#8221;default&#8221; animation_style=&#8221;fold&#8221; animation_duration=&#8221;1500ms&#8221; global_colors_info=&#8221;{}&#8221;][\/et_pb_image][\/et_pb_column][et_pb_column type=&#8221;1_2&#8243; _builder_version=&#8221;4.27.4&#8243; _module_preset=&#8221;default&#8221; global_colors_info=&#8221;{}&#8221;][et_pb_text _builder_version=&#8221;4.27.4&#8243; _module_preset=&#8221;default&#8221; text_font_size=&#8221;15px&#8221; global_colors_info=&#8221;{}&#8221;]Amb la targeta client d&#8217;EL SAFAREIG DEL BARRI obtindr\u00e0s un 10% de descompte sobre els preus indicats a les rentadores i un 5% de descompte sobre el preu de les assecadores.<\/p>\n<p>La podr\u00e0s aconseguir a la CENTRAL DE PAGAMENT seguint aquests passos:<\/p>\n<ul class=\"custom-list\">\n<li class=\"custom-list-content\"><i class=\"font-icon \"><\/i><span class=\"custom-list-content-inner\">1. Seleccionar l&#8217;opci\u00f3 &#8220;COMPRAR TARGETA&#8221;<\/span><\/li>\n<li class=\"custom-list-content\"><i class=\"font-icon \"><\/i><span class=\"custom-list-content-inner\">2. Efectuar el pagament de 20\u20ac.<\/span><\/li>\n<li class=\"custom-list-content\"><i class=\"font-icon \"><\/i><span class=\"custom-list-content-inner\">3. Recull la targeta EL SAFAREIG DEL BARRI.<\/span><\/li>\n<\/ul>\n<p>La targeta EL SAFAREIG DEL BARRI \u00e9s recarregable i no caduca<\/p>\n<p>Et permetr\u00e0 accedir a ofertes i promocions \u00fanicament v\u00e0lides amb la targeta.[\/et_pb_text][\/et_pb_column][\/et_pb_row][\/et_pb_section][et_pb_section fb_built=&#8221;1&#8243; custom_padding_last_edited=&#8221;on|phone&#8221; _builder_version=&#8221;4.27.4&#8243; _module_preset=&#8221;default&#8221; custom_margin_tablet=&#8221;||||false|false&#8221; custom_margin_phone=&#8221;||||false|false&#8221; custom_margin_last_edited=&#8221;on|tablet&#8221; custom_padding=&#8221;||||false|false&#8221; custom_padding_tablet=&#8221;0px||0px||false|false&#8221; custom_padding_phone=&#8221;||0px||false|false&#8221; global_colors_info=&#8221;{}&#8221;][et_pb_row _builder_version=&#8221;4.27.4&#8243; _module_preset=&#8221;default&#8221; global_colors_info=&#8221;{}&#8221;][et_pb_column type=&#8221;4_4&#8243; _builder_version=&#8221;4.27.4&#8243; _module_preset=&#8221;default&#8221; global_colors_info=&#8221;{}&#8221;][et_pb_text _builder_version=&#8221;4.27.4&#8243; _module_preset=&#8221;3ad78650-25a1-4e74-848d-ee52e9c6756b&#8221; global_colors_info=&#8221;{}&#8221;]<\/p>\n<p style=\"text-align: center;\">Atenci\u00f3 personal a la teva disposici\u00f3<\/p>\n<p>[\/et_pb_text][et_pb_image src=&#8221;http:\/\/elsafareigdelbarri.com\/wp-content\/uploads\/2024\/11\/separador_piezas.png&#8221; title_text=&#8221;separador_peces&#8221; _builder_version=&#8221;4.27.4&#8243; _module_preset=&#8221;1cb4c4e5-d9af-4175-b69d-029e4fee6e16&#8243; global_colors_info=&#8221;{}&#8221;][\/et_pb_image][et_pb_text _builder_version=&#8221;4.27.4&#8243; _module_preset=&#8221;e23be3c8-65f2-4ef2-9320-da9577b39b7e&#8221; global_colors_info=&#8221;{}&#8221;]<\/p>\n<p>El nostre equip est\u00e0 a la teva disposici\u00f3 cada dia de la setmana, de 8:00 h a 22:00 h. Contacta&#8217;ns per tel\u00e8fon al <strong>690 011 504<\/strong>, via WhatsApp o fes servir el formulari de contacte a la nostra p\u00e0gina web. <\/p>\n<p>[\/et_pb_text][\/et_pb_column][\/et_pb_row][\/et_pb_section]<\/p>\n","protected":false},"excerpt":{"rendered":"<p>Bugaderia autoservei a BarcelonaRoba neta, servei r\u00e0pid, preus justosRoba netaRentant-la amb un detergent monocomponent d&#8217;\u00faltima generaci\u00f3 especial per a processos de rentat professional, baix en perfums i tensioactius, lliure de fosfat, cont\u00e9 subst\u00e0ncies humectants biodegradables que aconsegueixen un alt poder desmanxant. Formulaci\u00f3 especial amb mat\u00e8ries dorigen natural, m\u00ednim impacte ambiental. El nostre suavitzant \u00e9s especial [&hellip;]<\/p>\n","protected":false},"author":1,"featured_media":0,"parent":0,"menu_order":0,"comment_status":"closed","ping_status":"closed","template":"","meta":{"_et_pb_use_builder":"on","_et_pb_old_content":"","_et_gb_content_width":"","footnotes":""},"class_list":["post-395","page","type-page","status-publish","hentry"],"_links":{"self":[{"href":"https:\/\/elsafareigdelbarri.com\/ca\/wp-json\/wp\/v2\/pages\/395","targetHints":{"allow":["GET"]}}],"collection":[{"href":"https:\/\/elsafareigdelbarri.com\/ca\/wp-json\/wp\/v2\/pages"}],"about":[{"href":"https:\/\/elsafareigdelbarri.com\/ca\/wp-json\/wp\/v2\/types\/page"}],"author":[{"embeddable":true,"href":"https:\/\/elsafareigdelbarri.com\/ca\/wp-json\/wp\/v2\/users\/1"}],"replies":[{"embeddable":true,"href":"https:\/\/elsafareigdelbarri.com\/ca\/wp-json\/wp\/v2\/comments?post=395"}],"version-history":[{"count":28,"href":"https:\/\/elsafareigdelbarri.com\/ca\/wp-json\/wp\/v2\/pages\/395\/revisions"}],"predecessor-version":[{"id":1117,"href":"https:\/\/elsafareigdelbarri.com\/ca\/wp-json\/wp\/v2\/pages\/395\/revisions\/1117"}],"wp:attachment":[{"href":"https:\/\/elsafareigdelbarri.com\/ca\/wp-json\/wp\/v2\/media?parent=395"}],"curies":[{"name":"wp","href":"https:\/\/api.w.org\/{rel}","templated":true}]}}